{"id":17928,"date":"2011-11-19T15:03:46","date_gmt":"2011-11-19T15:03:46","guid":{"rendered":"https:\/\/bollenberg.com\/boutique\/non class\u00e9\/eau-de-vie-de-fleurs-de-tilleul\/"},"modified":"2011-11-19T15:03:46","modified_gmt":"2011-11-19T15:03:46","slug":"eau-de-vie-de-fleurs-de-tilleul","status":"publish","type":"product","link":"https:\/\/bollenberg.com\/en\/boutique\/brandies\/flowers\/eau-de-vie-de-fleurs-de-tilleul\/","title":{"rendered":"Eau de vie de Fleurs de Tilleul &#8211; 700 ml"},"content":{"rendered":"<p>Fragrance l\u00e9g\u00e8re qui respire la nature et les odeurs printani\u00e8res , bouche d&#8217;une fine attaque, d\u00e9licate et saveurs de l&#8217;essence m\u00eame de la fleur sur finale l\u00e9g\u00e8rement ass\u00e9chante et miell\u00e9e.<\/p>\n","protected":false},"excerpt":{"rendered":"<p>Presentation produit<\/p>\n","protected":false},"featured_media":10822,"template":"","meta":[],"product_brand":[],"product_cat":[297,299],"product_tag":[337,340],"class_list":{"0":"post-17928","1":"product","2":"type-product","3":"status-publish","4":"has-post-thumbnail","6":"product_cat-brandies","7":"product_cat-flowers","8":"product_tag-brandies","9":"product_tag-flowers","10":"product_shipping_class-bouteille","12":"first","13":"outofstock","14":"taxable","15":"shipping-taxable","16":"purchasable","17":"product-type-simple"},"booking_location":null,"booking_location_type":null,"booking_duration":null,"booking_duration_unit":null,"booking_buffer":null,"booking_cost":null,"booking_resources":null,"group_of_quantity":0,"min_quantity":0,"max_quantity":"","exclude_order_quantity_value_rules":"no","exclude_category_quantity_rules":"no","combine_variations":"no","exclude_global_add_ons":[],"addons":[],"_links":{"self":[{"href":"https:\/\/bollenberg.com\/en\/wp-json\/wp\/v2\/product\/17928","targetHints":{"allow":["GET"]}}],"collection":[{"href":"https:\/\/bollenberg.com\/en\/wp-json\/wp\/v2\/product"}],"about":[{"href":"https:\/\/bollenberg.com\/en\/wp-json\/wp\/v2\/types\/product"}],"wp:featuredmedia":[{"embeddable":true,"href":"https:\/\/bollenberg.com\/en\/wp-json\/wp\/v2\/media\/10822"}],"wp:attachment":[{"href":"https:\/\/bollenberg.com\/en\/wp-json\/wp\/v2\/media?parent=17928"}],"wp:term":[{"taxonomy":"product_brand","embeddable":true,"href":"https:\/\/bollenberg.com\/en\/wp-json\/wp\/v2\/product_brand?post=17928"},{"taxonomy":"product_cat","embeddable":true,"href":"https:\/\/bollenberg.com\/en\/wp-json\/wp\/v2\/product_cat?post=17928"},{"taxonomy":"product_tag","embeddable":true,"href":"https:\/\/bollenberg.com\/en\/wp-json\/wp\/v2\/product_tag?post=17928"}],"curies":[{"name":"wp","href":"https:\/\/api.w.org\/{rel}","templated":true}]}}