{"id":17922,"date":"2011-11-19T15:03:46","date_gmt":"2011-11-19T15:03:46","guid":{"rendered":"https:\/\/bollenberg.com\/boutique\/non class\u00e9\/eau-de-vie-de-reine-des-pres\/"},"modified":"2011-11-19T15:03:46","modified_gmt":"2011-11-19T15:03:46","slug":"eau-de-vie-de-reine-des-pres","status":"publish","type":"product","link":"https:\/\/bollenberg.com\/en\/boutique\/brandies\/flowers\/eau-de-vie-de-reine-des-pres\/","title":{"rendered":"Eau de vie de Reine des Pr\u00e9s &#8211; 700 ml"},"content":{"rendered":"<p>Plante m\u00e9dicinale par excellence, les fleurs sont extr\u00eamement odorantes et d\u00e9gagent un subtil parfum d&#8217;amande que l&#8217;on retrouve dans l&#8217;\u00e9laboration de l&#8217;Eau de Vie.<\/p>\n<p>Bouche finement rac\u00e9e, saveurs friandes belle finale sur des senteurs de for\u00eats.<\/p>\n","protected":false},"excerpt":{"rendered":"<p>Presentation produit<\/p>\n","protected":false},"featured_media":10825,"template":"","meta":[],"product_brand":[],"product_cat":[297,299],"product_tag":[337,340],"class_list":{"0":"post-17922","1":"product","2":"type-product","3":"status-publish","4":"has-post-thumbnail","6":"product_cat-brandies","7":"product_cat-flowers","8":"product_tag-brandies","9":"product_tag-flowers","10":"product_shipping_class-bouteille","12":"first","13":"instock","14":"taxable","15":"shipping-taxable","16":"purchasable","17":"product-type-simple"},"booking_location":null,"booking_location_type":null,"booking_duration":null,"booking_duration_unit":null,"booking_buffer":null,"booking_cost":null,"booking_resources":null,"group_of_quantity":0,"min_quantity":0,"max_quantity":"","exclude_order_quantity_value_rules":"no","exclude_category_quantity_rules":"no","combine_variations":"no","exclude_global_add_ons":[],"addons":[],"_links":{"self":[{"href":"https:\/\/bollenberg.com\/en\/wp-json\/wp\/v2\/product\/17922","targetHints":{"allow":["GET"]}}],"collection":[{"href":"https:\/\/bollenberg.com\/en\/wp-json\/wp\/v2\/product"}],"about":[{"href":"https:\/\/bollenberg.com\/en\/wp-json\/wp\/v2\/types\/product"}],"wp:featuredmedia":[{"embeddable":true,"href":"https:\/\/bollenberg.com\/en\/wp-json\/wp\/v2\/media\/10825"}],"wp:attachment":[{"href":"https:\/\/bollenberg.com\/en\/wp-json\/wp\/v2\/media?parent=17922"}],"wp:term":[{"taxonomy":"product_brand","embeddable":true,"href":"https:\/\/bollenberg.com\/en\/wp-json\/wp\/v2\/product_brand?post=17922"},{"taxonomy":"product_cat","embeddable":true,"href":"https:\/\/bollenberg.com\/en\/wp-json\/wp\/v2\/product_cat?post=17922"},{"taxonomy":"product_tag","embeddable":true,"href":"https:\/\/bollenberg.com\/en\/wp-json\/wp\/v2\/product_tag?post=17922"}],"curies":[{"name":"wp","href":"https:\/\/api.w.org\/{rel}","templated":true}]}}