{"id":17915,"date":"2018-06-20T14:09:34","date_gmt":"2018-06-20T14:09:34","guid":{"rendered":"https:\/\/bollenberg.com\/boutique\/non%20class\u00e9\/alsace-pinot-blanc-selection-2017-bio-750ml\/"},"modified":"2018-06-26T16:51:07","modified_gmt":"2018-06-26T16:51:07","slug":"alsace-pinot-blanc-selection-2017-bio-750ml","status":"publish","type":"product","link":"https:\/\/bollenberg.com\/en\/boutique\/alsace-wine\/tradition-alsace-wine\/alsace-pinot-blanc-selection-2017-bio-750ml\/","title":{"rendered":"Alsace Pinot Blanc S\u00e9lection 2017 Bio (750ml)"},"content":{"rendered":"<p>Ce Pinot Blanc \u00e9voque des notes florales sur une finale min\u00e9rale, blanc sec et gastronomique, il a une \u00e9volution aromatique fra\u00eeche et plaisante, il est id\u00e9al en entr\u00e9e mais s\u2019accommode \u00e9galement avec les poissons et les viandes blanches. Ce Pinot Blanc issus de Vieilles Vignes est r\u00e9colt\u00e9 sur le terroir &#8216;Bollenberg&#8217;, un site d&#8217;exception de part sa biodiversit\u00e9 et sa lande s\u00e8che.<\/p>\n<p><img loading=\"lazy\" decoding=\"async\" src=\"\/wp-content\/uploads\/indsuc1.png\" alt=\"Sec au Liquoreux: 1\/10\" width=\"279\" height=\"55\" \/><\/p>\n<p>&nbsp;<\/p>\n","protected":false},"excerpt":{"rendered":"<p>Ce Pinot Blanc \u00e9voque des notes florales sur une finale min\u00e9rale, blanc sec et gastronomique, il a une \u00e9volution aromatique fra\u00eeche et plaisante, il est id\u00e9al en entr\u00e9e.<\/p>\n<p><img loading=\"lazy\" decoding=\"async\" style=\"max-width: 50% !important;\" src=\"\/wp-content\/uploads\/indsuc1.png\" alt=\"Sec au Liquoreux: 1\/10\" width=\"279\" height=\"55\" \/><\/p>\n<div class=\"row row-small row-full-width\"  id=\"row-553066005\">\r\n\r\n\n\t<div id=\"col-544953953\" class=\"col small-12 large-12\"  >\n\t\t\t\t<div class=\"col-inner\"  >\n\t\t\t\n\t\t\t\r\n<div style=\"border:1px solid #eee;padding:10px;font-size: 80%;\"><i class=\"fas fa-lg fa-exclamation-triangle\"><\/i> Un mill\u00e9sime \u00e9puis\u00e9 est remplac\u00e9 par le suivant de m\u00eame niveau qualitatif. Les prix affich\u00e9s sur notre site sont des exclusivit\u00e9s internet.<\/div>\r\n\t\t<\/div>\n\t\t\t\t\t<\/div>\n\n\t\r\n\r\n<\/div>\n","protected":false},"featured_media":13082,"template":"","meta":[],"product_brand":[],"product_cat":[310,313],"product_tag":[1547,330,351,361],"class_list":{"0":"post-17915","1":"product","2":"type-product","3":"status-publish","4":"has-post-thumbnail","6":"product_cat-alsace-wine","7":"product_cat-tradition-alsace-wine","8":"product_tag-2017-en","9":"product_tag-organic","10":"product_tag-pinot-blanc-en","11":"product_tag-selection-en","12":"product_shipping_class-bouteille","13":"pa_accords-mets-vins-cold-starter","14":"pa_accords-mets-vins-deli-meat","15":"pa_accords-mets-vins-fish","16":"pa_accords-mets-vins-hot-appetizers","17":"pa_accords-mets-vins-poultry","18":"pa_accords-mets-vins-salads-and-vegetables","19":"pa_accords-mets-vins-sea-food","20":"pa_accords-mets-vins-vegetables-accompaniments","21":"pa_accords-mets-vins-white-meats","22":"pa_appellation-alsace-en","23":"pa_cepage-pinot-blanc-en","24":"pa_contenance-750-ml-en","25":"pa_degre-dalcool-13-en","26":"pa_domaine-clos-sainte-apolline--domaine-du-bollenberg","27":"pa_garde-from-3-to-5-years","28":"pa_la-robe-bel-or-vert-brillant-en","29":"pa_le-nez-fin-capiteux-evoquant-des-notes-dagrumes-en","30":"pa_millesime-2017-en","31":"pa_mise-en-bouteilles-9-months-after-the-harvest","32":"pa_sol-clay-limestone","33":"pa_sucre-residuel-2-9-g-l-en","34":"pa_type-de-vin-dry","35":"pa_vinification-traditional-in-oak-barrel-hand-picked-harvested-at-the-end-of-the-harvest-period-on-old-vines-parcels-formerly-called-steinwein","37":"first","38":"outofstock","39":"taxable","40":"shipping-taxable","41":"purchasable","42":"product-type-simple"},"booking_location":null,"booking_location_type":null,"booking_duration":null,"booking_duration_unit":null,"booking_buffer":null,"booking_cost":null,"booking_resources":null,"group_of_quantity":0,"min_quantity":0,"max_quantity":"","exclude_order_quantity_value_rules":"no","exclude_category_quantity_rules":"no","combine_variations":"no","exclude_global_add_ons":[],"addons":[],"_links":{"self":[{"href":"https:\/\/bollenberg.com\/en\/wp-json\/wp\/v2\/product\/17915","targetHints":{"allow":["GET"]}}],"collection":[{"href":"https:\/\/bollenberg.com\/en\/wp-json\/wp\/v2\/product"}],"about":[{"href":"https:\/\/bollenberg.com\/en\/wp-json\/wp\/v2\/types\/product"}],"wp:featuredmedia":[{"embeddable":true,"href":"https:\/\/bollenberg.com\/en\/wp-json\/wp\/v2\/media\/13082"}],"wp:attachment":[{"href":"https:\/\/bollenberg.com\/en\/wp-json\/wp\/v2\/media?parent=17915"}],"wp:term":[{"taxonomy":"product_brand","embeddable":true,"href":"https:\/\/bollenberg.com\/en\/wp-json\/wp\/v2\/product_brand?post=17915"},{"taxonomy":"product_cat","embeddable":true,"href":"https:\/\/bollenberg.com\/en\/wp-json\/wp\/v2\/product_cat?post=17915"},{"taxonomy":"product_tag","embeddable":true,"href":"https:\/\/bollenberg.com\/en\/wp-json\/wp\/v2\/product_tag?post=17915"}],"curies":[{"name":"wp","href":"https:\/\/api.w.org\/{rel}","templated":true}]}}