{"id":17874,"date":"2018-06-21T15:39:15","date_gmt":"2018-06-21T15:39:16","guid":{"rendered":"https:\/\/bollenberg.com\/?post_type=product&#038;p=17874"},"modified":"2018-06-26T22:38:25","modified_gmt":"2018-06-26T22:38:25","slug":"alsace-pinot-gris-tradition-bio-2015-box-of-6","status":"publish","type":"product","link":"https:\/\/bollenberg.com\/en\/boutique\/alsace-wine\/alsace-pinot-gris-en\/alsace-pinot-gris-tradition-bio-2015-box-of-6\/","title":{"rendered":"Alsace Pinot Gris Tradition Bio 2015 (box of 6)"},"content":{"rendered":"<p>Ce Pinot Gris \u00e9voque des notes de fruits frais sur fond acidul\u00e9, il a la particularit\u00e9 d&#8217;accompagner l\u2019int\u00e9gralit\u00e9 du repas, de l&#8217;entr\u00e9e au fromage, il s\u2019accommode \u00e9galement avec des plats de viandes blanches ou poissons. Ce Pinot Gris est issus de parcelle class\u00e9e sur le terroir &#8216;Bollenberg&#8217;, un site d&#8217;exception de part sa biodiversit\u00e9 et sa lande s\u00e8che.<\/p>\n<p><img loading=\"lazy\" decoding=\"async\" style=\"max-width: 50% !important;\" src=\"\/wp-content\/uploads\/indsuc1.png\" alt=\"Sec au Liquoreux: 1\/10\" width=\"279\" height=\"55\" \/><\/p>\n<p>&nbsp;<\/p>\n","protected":false},"excerpt":{"rendered":"<p>Ce Pinot Gris \u00e9voque des notes de fruits frais sur fond acidul\u00e9, il a la particularit\u00e9 d&#8217;accompagner l\u2019int\u00e9gralit\u00e9 du repas, de l&#8217;entr\u00e9e au fromage, il s\u2019accommode \u00e9galement avec des plats de viandes blanches ou poissons.<\/p>\n<p><img loading=\"lazy\" decoding=\"async\" style=\"max-width: 50% !important;\" src=\"\/wp-content\/uploads\/indsuc1.png\" alt=\"Sec au Liquoreux: 1\/10\" width=\"279\" height=\"55\" \/><\/p>\n<div class=\"row row-small row-full-width\"  id=\"row-1190123387\">\r\n\r\n\n\t<div id=\"col-1307301268\" class=\"col small-12 large-12\"  >\n\t\t\t\t<div class=\"col-inner\"  >\n\t\t\t\n\t\t\t\r\n<div style=\"border:1px solid #eee;padding:10px;font-size: 80%;\"><i class=\"fas fa-lg fa-exclamation-triangle\"><\/i> Un mill\u00e9sime \u00e9puis\u00e9 est remplac\u00e9 par le suivant de m\u00eame niveau qualitatif. Les prix affich\u00e9s sur notre site sont des exclusivit\u00e9s internet.<\/div>\r\n\t\t<\/div>\n\t\t\t\t\t<\/div>\n\n\t\r\n\r\n<\/div>\n","protected":false},"featured_media":13091,"template":"","meta":[],"product_brand":[],"product_cat":[310,314,1282],"product_tag":[326,1550,330,352,363],"class_list":{"0":"post-17874","1":"product","2":"type-product","3":"status-publish","4":"has-post-thumbnail","6":"product_cat-alsace-wine","7":"product_cat-alsace-pinot-gris-en","8":"product_cat-box-of-6-bottles","9":"product_tag-2015-en","10":"product_tag-boxtrd6-en","11":"product_tag-organic","12":"product_tag-pinot-gris-en","13":"product_tag-tradition-en","14":"product_shipping_class-bouteille","15":"pa_accords-mets-vins-cheese","16":"pa_accords-mets-vins-cold-starter","17":"pa_accords-mets-vins-deli-meat","18":"pa_accords-mets-vins-fish","19":"pa_accords-mets-vins-game","20":"pa_accords-mets-vins-giblets","21":"pa_accords-mets-vins-hot-appetizers","22":"pa_accords-mets-vins-pasta","23":"pa_accords-mets-vins-poultry","24":"pa_accords-mets-vins-salads-and-vegetables","25":"pa_accords-mets-vins-sea-food","26":"pa_accords-mets-vins-soups","27":"pa_accords-mets-vins-vegetables-accompaniments","28":"pa_accords-mets-vins-white-meats","29":"pa_appellation-alsace-en","30":"pa_cepage-pinot-gris-en","31":"pa_contenance-750-ml-en","32":"pa_degre-dalcool-12-5-en","33":"pa_domaine-clos-sainte-apolline--domaine-du-bollenberg","34":"pa_garde-from-3-to-5-years","35":"pa_la-robe-belle-robe-or-vert-aux-brillants-reflets-en","36":"pa_le-nez-note-fine-et-discrete-daromes-fruites-avec-une-legere-pointe-citronnee-en","37":"pa_millesime-2015-en","38":"pa_mise-en-bouteilles-9-months-after-the-harvest","39":"pa_sol-clay-limestone","40":"pa_sucre-residuel-8-gl-en","41":"pa_vinification-traditional-in-oak-barrels-hand-picked","43":"first","44":"outofstock","45":"taxable","46":"shipping-taxable","47":"purchasable","48":"product-type-simple"},"booking_location":null,"booking_location_type":null,"booking_duration":null,"booking_duration_unit":null,"booking_buffer":null,"booking_cost":null,"booking_resources":null,"group_of_quantity":0,"min_quantity":0,"max_quantity":"","exclude_order_quantity_value_rules":"no","exclude_category_quantity_rules":"no","combine_variations":"no","exclude_global_add_ons":[],"addons":[],"_links":{"self":[{"href":"https:\/\/bollenberg.com\/en\/wp-json\/wp\/v2\/product\/17874","targetHints":{"allow":["GET"]}}],"collection":[{"href":"https:\/\/bollenberg.com\/en\/wp-json\/wp\/v2\/product"}],"about":[{"href":"https:\/\/bollenberg.com\/en\/wp-json\/wp\/v2\/types\/product"}],"wp:featuredmedia":[{"embeddable":true,"href":"https:\/\/bollenberg.com\/en\/wp-json\/wp\/v2\/media\/13091"}],"wp:attachment":[{"href":"https:\/\/bollenberg.com\/en\/wp-json\/wp\/v2\/media?parent=17874"}],"wp:term":[{"taxonomy":"product_brand","embeddable":true,"href":"https:\/\/bollenberg.com\/en\/wp-json\/wp\/v2\/product_brand?post=17874"},{"taxonomy":"product_cat","embeddable":true,"href":"https:\/\/bollenberg.com\/en\/wp-json\/wp\/v2\/product_cat?post=17874"},{"taxonomy":"product_tag","embeddable":true,"href":"https:\/\/bollenberg.com\/en\/wp-json\/wp\/v2\/product_tag?post=17874"}],"curies":[{"name":"wp","href":"https:\/\/api.w.org\/{rel}","templated":true}]}}