{"id":17871,"date":"2018-06-21T14:32:08","date_gmt":"2018-06-21T14:32:09","guid":{"rendered":"https:\/\/bollenberg.com\/?post_type=product&#038;p=17871"},"modified":"2019-09-04T15:27:59","modified_gmt":"2019-09-04T15:27:59","slug":"alsace-pinot-noir-rose-bio-2015-box-of-6","status":"publish","type":"product","link":"https:\/\/bollenberg.com\/en\/boutique\/alsace-wine\/alsace-pinot-noir-en\/alsace-pinot-noir-rose-bio-2015-box-of-6\/","title":{"rendered":"Alsace Pinot Noir Ros\u00e9 Bio 2015 (box of 6)"},"content":{"rendered":"<p>Ce Pinot Noir ros\u00e9 aux reflets l\u00e9g\u00e8rement saumon\u00e9s et aux senteurs frambois\u00e9s d\u00e9voile en bouche une aromatique fra\u00eeche et plaisante rappelant les bonbons \u00e0 la violette. C&#8217;est le parfait vin d&#8217;\u00e9t\u00e9, il accompagne ais\u00e9ment un repas ou se d\u00e9guste entre amis en toute convivialit\u00e9. Ce Pinot Noir est issus du terroir &#8216;Bollenberg&#8217;, un site d&#8217;exception de part sa biodiversit\u00e9 et sa lande s\u00e8che.<\/p>\n<p><img loading=\"lazy\" decoding=\"async\" style=\"max-width: 50% !important;\" src=\"\/wp-content\/uploads\/indsuc2.png\" alt=\"Sec au Liquoreux: 2\/10\" width=\"279\" height=\"55\" \/><\/p>\n<p>&nbsp;<\/p>\n","protected":false},"excerpt":{"rendered":"<p>Parfait vin d\u2019\u00e9t\u00e9, il accompagne ais\u00e9ment un repas ou se d\u00e9guste entre amis en toute convivialit\u00e9.<\/p>\n<p><img loading=\"lazy\" decoding=\"async\" style=\"max-width: 50% !important;\" src=\"\/wp-content\/uploads\/indsuc2.png\" alt=\"Sec au Liquoreux: 2\/10\" width=\"279\" height=\"55\" \/><\/p>\n","protected":false},"featured_media":13066,"template":"","meta":[],"product_brand":[],"product_cat":[315,310,1282],"product_tag":[326,1550,330,353,358],"class_list":{"0":"post-17871","1":"product","2":"type-product","3":"status-publish","4":"has-post-thumbnail","6":"product_cat-alsace-pinot-noir-en","7":"product_cat-alsace-wine","8":"product_cat-box-of-6-bottles","9":"product_tag-2015-en","10":"product_tag-boxtrd6-en","11":"product_tag-organic","12":"product_tag-pinot-noir-en","13":"product_tag-rose-en","14":"product_shipping_class-bouteille","15":"pa_accords-mets-vins-cold-starter","16":"pa_accords-mets-vins-fish","17":"pa_accords-mets-vins-hot-appetizers","18":"pa_accords-mets-vins-pasta","19":"pa_accords-mets-vins-salads-and-vegetables","20":"pa_accords-mets-vins-vegetables-accompaniments","21":"pa_appellation-alsace-en","22":"pa_cepage-pinot-noir-en","23":"pa_contenance-750-ml-en","24":"pa_degre-dalcool-12-en","25":"pa_domaine-clos-sainte-apolline--domaine-du-bollenberg","26":"pa_garde-from-3-to-5-years","27":"pa_la-robe-rose-mauve-aux-reflets-etincelants-violaces-en","28":"pa_le-nez-joli-bouquet-de-fruits-rouges-avec-de-la-fraicheur-et-des-senteurs-framboisees-en","29":"pa_millesime-2015-en","30":"pa_mise-en-bouteilles-3-months-after-the-harvest","31":"pa_sol-clay-limestone","32":"pa_sucre-residuel-5-gl-en","33":"pa_vinification-traditional-in-oak-barrels-hand-picked","35":"first","36":"outofstock","37":"taxable","38":"shipping-taxable","39":"purchasable","40":"product-type-simple"},"booking_location":null,"booking_location_type":null,"booking_duration":null,"booking_duration_unit":null,"booking_buffer":null,"booking_cost":null,"booking_resources":null,"group_of_quantity":0,"min_quantity":0,"max_quantity":"","exclude_order_quantity_value_rules":"no","exclude_category_quantity_rules":"no","combine_variations":"no","exclude_global_add_ons":[],"addons":[],"_links":{"self":[{"href":"https:\/\/bollenberg.com\/en\/wp-json\/wp\/v2\/product\/17871","targetHints":{"allow":["GET"]}}],"collection":[{"href":"https:\/\/bollenberg.com\/en\/wp-json\/wp\/v2\/product"}],"about":[{"href":"https:\/\/bollenberg.com\/en\/wp-json\/wp\/v2\/types\/product"}],"wp:featuredmedia":[{"embeddable":true,"href":"https:\/\/bollenberg.com\/en\/wp-json\/wp\/v2\/media\/13066"}],"wp:attachment":[{"href":"https:\/\/bollenberg.com\/en\/wp-json\/wp\/v2\/media?parent=17871"}],"wp:term":[{"taxonomy":"product_brand","embeddable":true,"href":"https:\/\/bollenberg.com\/en\/wp-json\/wp\/v2\/product_brand?post=17871"},{"taxonomy":"product_cat","embeddable":true,"href":"https:\/\/bollenberg.com\/en\/wp-json\/wp\/v2\/product_cat?post=17871"},{"taxonomy":"product_tag","embeddable":true,"href":"https:\/\/bollenberg.com\/en\/wp-json\/wp\/v2\/product_tag?post=17871"}],"curies":[{"name":"wp","href":"https:\/\/api.w.org\/{rel}","templated":true}]}}