{"id":17863,"date":"2018-06-21T09:54:13","date_gmt":"2018-06-21T09:54:15","guid":{"rendered":"https:\/\/bollenberg.com\/?post_type=product&#038;p=17863"},"modified":"2018-06-26T16:45:30","modified_gmt":"2018-06-26T16:45:30","slug":"alsace-gewurztraminer-selection-bio-2015-box-of-6","status":"publish","type":"product","link":"https:\/\/bollenberg.com\/en\/boutique\/alsace-wine\/alsace-gewurztraminer-en\/alsace-gewurztraminer-selection-bio-2015-box-of-6\/","title":{"rendered":"Alsace Gewurztraminer S\u00e9lection Bio 2015 (box of 6)"},"content":{"rendered":"<p>Ce Gewurztraminer aux senteurs de p\u00e9tales de roses, de litchi d\u00e9voile des saveurs moelleuses avec un tr\u00e8s joli fruit\u00e9 persistant et une finale fra\u00eeche. A consommer en ap\u00e9ritif, il va \u00e0 ravir sur un foie gras de canard , sur une tarte au citron ou un dessert au chocolat avec des \u00e9corces d&#8217;oranges. Ce Gewurztraminer est issus de Vieilles Vignes situ\u00e9 sur le terroir &#8216;Bollenberg&#8217;, site d&#8217;exception de part sa biodiversit\u00e9 et sa lande s\u00e8che.<\/p>\n<p><img loading=\"lazy\" decoding=\"async\" style=\"max-width: 50% !important;\" src=\"\/wp-content\/uploads\/indsuc3.png\" alt=\"Sec au Liquoreux: 3\/10\" width=\"279\" height=\"55\" \/><\/p>\n<p>&nbsp;<\/p>\n","protected":false},"excerpt":{"rendered":"<p>A consommer en ap\u00e9ritif, il va \u00e0 ravir sur un foie gras de canard , sur une tarte au citron ou un dessert au chocolat avec des \u00e9corces d\u2019oranges.<\/p>\n<p><img loading=\"lazy\" decoding=\"async\" style=\"max-width: 50% !important;\" src=\"\/wp-content\/uploads\/indsuc3.png\" alt=\"Sec au Liquoreux: 3\/10\" width=\"279\" height=\"55\" \/><\/p>\n","protected":false},"featured_media":13063,"template":"","meta":[],"product_brand":[],"product_cat":[310,311,1282],"product_tag":[326,1549,345,330,361],"class_list":{"0":"post-17863","1":"product","2":"type-product","3":"status-publish","4":"has-post-thumbnail","6":"product_cat-alsace-wine","7":"product_cat-alsace-gewurztraminer-en","8":"product_cat-box-of-6-bottles","9":"product_tag-2015-en","10":"product_tag-boxslc6-en","11":"product_tag-gewurztraminer-en","12":"product_tag-organic","13":"product_tag-selection-en","14":"product_shipping_class-bouteille","15":"pa_accords-mets-vins-cheese","16":"pa_accords-mets-vins-desserts-en","17":"pa_appellation-alsace-en","18":"pa_cepage-gewurztraminer-en","19":"pa_contenance-750-ml-en","20":"pa_degre-dalcool-12-5-en","21":"pa_domaine-clos-sainte-apolline--domaine-du-bollenberg","22":"pa_garde-from-3-to-7-years","23":"pa_la-robe-jaune-or-clair-reflets-brillants-texture-fine-et-gourmande-en","24":"pa_le-nez-nez-classique-du-cepage-avec-des-senteurs-de-petales-de-roses-arome-franc-mais-discret-en","25":"pa_millesime-2015-en","26":"pa_mise-en-bouteilles-9-months-after-the-harvest","27":"pa_sol-clay-limestone","28":"pa_sucre-residuel-13-gl-en","29":"pa_type-de-vin-semi-dry","30":"pa_vinification-traditional-in-oak-barrel-hand-picked-harvested-at-the-end-of-the-harvest-period-on-old-vines-parcels-formerly-called-steinwein","32":"first","33":"outofstock","34":"taxable","35":"shipping-taxable","36":"purchasable","37":"product-type-simple"},"booking_location":null,"booking_location_type":null,"booking_duration":null,"booking_duration_unit":null,"booking_buffer":null,"booking_cost":null,"booking_resources":null,"group_of_quantity":0,"min_quantity":0,"max_quantity":"","exclude_order_quantity_value_rules":"no","exclude_category_quantity_rules":"no","combine_variations":"no","exclude_global_add_ons":[],"addons":[],"_links":{"self":[{"href":"https:\/\/bollenberg.com\/en\/wp-json\/wp\/v2\/product\/17863","targetHints":{"allow":["GET"]}}],"collection":[{"href":"https:\/\/bollenberg.com\/en\/wp-json\/wp\/v2\/product"}],"about":[{"href":"https:\/\/bollenberg.com\/en\/wp-json\/wp\/v2\/types\/product"}],"wp:featuredmedia":[{"embeddable":true,"href":"https:\/\/bollenberg.com\/en\/wp-json\/wp\/v2\/media\/13063"}],"wp:attachment":[{"href":"https:\/\/bollenberg.com\/en\/wp-json\/wp\/v2\/media?parent=17863"}],"wp:term":[{"taxonomy":"product_brand","embeddable":true,"href":"https:\/\/bollenberg.com\/en\/wp-json\/wp\/v2\/product_brand?post=17863"},{"taxonomy":"product_cat","embeddable":true,"href":"https:\/\/bollenberg.com\/en\/wp-json\/wp\/v2\/product_cat?post=17863"},{"taxonomy":"product_tag","embeddable":true,"href":"https:\/\/bollenberg.com\/en\/wp-json\/wp\/v2\/product_tag?post=17863"}],"curies":[{"name":"wp","href":"https:\/\/api.w.org\/{rel}","templated":true}]}}