{"id":17856,"date":"2018-06-20T14:44:30","date_gmt":"2018-06-20T14:44:31","guid":{"rendered":"https:\/\/bollenberg.com\/?post_type=product&#038;p=17856"},"modified":"2019-11-18T18:43:12","modified_gmt":"2019-11-18T18:43:12","slug":"alsace-pinot-noir-selection-bio-2016-box-of-6","status":"publish","type":"product","link":"https:\/\/bollenberg.com\/en\/boutique\/alsace-wine\/alsace-pinot-noir-en\/alsace-pinot-noir-selection-bio-2016-box-of-6\/","title":{"rendered":"Alsace Pinot Noir S\u00e9lection Bio 2016 (box of 6)"},"content":{"rendered":"<p>Ce Pinot Noir a des senteurs de petits fruits rouges \u00e9voluant vers la prune, en bouche il d\u00e9voile des saveurs fruit\u00e9es l\u00e9g\u00e8rement \u00e2pre et une finale fra\u00eeche. Un subtil accord met vin de part son cot\u00e9 friand, il s&#8217;associe ais\u00e9ment avec de la viande rouge ou blanche, certaines recettes de poissons et s\u2019accommode agr\u00e9ablement sur les fromages. Ce Pinot Noir est issus de Vieilles Vignes et r\u00e9colt\u00e9 sur le terroir &#8216;Bollenberg&#8217;, un site d&#8217;exception de part sa biodiversit\u00e9 et sa lande s\u00e8che.<\/p>\n<p><img loading=\"lazy\" decoding=\"async\" style=\"max-width: 50% !important;\" src=\"\/wp-content\/uploads\/indsuc2.png\" alt=\"Sec au Liquoreux: 2\/10\" width=\"279\" height=\"55\" \/><\/p>\n<p>&nbsp;<\/p>\n","protected":false},"excerpt":{"rendered":"<p>Un subtil accord met vin de part son cot\u00e9 friand, il s\u2019associe ais\u00e9ment avec de la viande rouge ou blanche, certaines recettes de poissons et s\u2019accommode agr\u00e9ablement sur les fromages.<\/p>\n","protected":false},"featured_media":13069,"template":"","meta":[],"product_brand":[],"product_cat":[315,310,1282],"product_tag":[327,1549,330,353,361],"class_list":{"0":"post-17856","1":"product","2":"type-product","3":"status-publish","4":"has-post-thumbnail","6":"product_cat-alsace-pinot-noir-en","7":"product_cat-alsace-wine","8":"product_cat-box-of-6-bottles","9":"product_tag-2016-en","10":"product_tag-boxslc6-en","11":"product_tag-organic","12":"product_tag-pinot-noir-en","13":"product_tag-selection-en","14":"product_shipping_class-bouteille","15":"pa_accords-mets-vins-cheese","16":"pa_accords-mets-vins-cold-starter","17":"pa_accords-mets-vins-deli-meat","18":"pa_accords-mets-vins-fish","19":"pa_accords-mets-vins-game","20":"pa_accords-mets-vins-giblets","21":"pa_accords-mets-vins-hot-appetizers","22":"pa_accords-mets-vins-pasta","23":"pa_accords-mets-vins-poultry","24":"pa_accords-mets-vins-salads-and-vegetables","25":"pa_accords-mets-vins-sea-food","26":"pa_accords-mets-vins-soups","27":"pa_accords-mets-vins-vegetables-accompaniments","28":"pa_accords-mets-vins-white-meats","29":"pa_appellation-alsace-en","30":"pa_cepage-pinot-noir-en","31":"pa_contenance-750-ml-en","32":"pa_degre-dalcool-12-5-en","33":"pa_domaine-clos-sainte-apolline--domaine-du-bollenberg","34":"pa_garde-from-3-to-5-years","35":"pa_la-robe-magnifique-couleur-rubis-avec-des-reflets-grenat-en","36":"pa_le-nez-charmant-fruite-de-cerises-et-de-fruits-rouges-avec-des-notes-boisees-en","37":"pa_millesime-2016-en","38":"pa_mise-en-bouteilles-9-months-after-the-harvest","39":"pa_sol-clay-limestone","40":"pa_sucre-residuel-0-5-g-l-en","41":"pa_vinification-traditional-in-oak-barrels-hand-picked","43":"first","44":"outofstock","45":"taxable","46":"shipping-taxable","47":"purchasable","48":"product-type-simple"},"booking_location":null,"booking_location_type":null,"booking_duration":null,"booking_duration_unit":null,"booking_buffer":null,"booking_cost":null,"booking_resources":null,"group_of_quantity":0,"min_quantity":0,"max_quantity":"","exclude_order_quantity_value_rules":"no","exclude_category_quantity_rules":"no","combine_variations":"no","exclude_global_add_ons":[],"addons":[],"_links":{"self":[{"href":"https:\/\/bollenberg.com\/en\/wp-json\/wp\/v2\/product\/17856","targetHints":{"allow":["GET"]}}],"collection":[{"href":"https:\/\/bollenberg.com\/en\/wp-json\/wp\/v2\/product"}],"about":[{"href":"https:\/\/bollenberg.com\/en\/wp-json\/wp\/v2\/types\/product"}],"wp:featuredmedia":[{"embeddable":true,"href":"https:\/\/bollenberg.com\/en\/wp-json\/wp\/v2\/media\/13069"}],"wp:attachment":[{"href":"https:\/\/bollenberg.com\/en\/wp-json\/wp\/v2\/media?parent=17856"}],"wp:term":[{"taxonomy":"product_brand","embeddable":true,"href":"https:\/\/bollenberg.com\/en\/wp-json\/wp\/v2\/product_brand?post=17856"},{"taxonomy":"product_cat","embeddable":true,"href":"https:\/\/bollenberg.com\/en\/wp-json\/wp\/v2\/product_cat?post=17856"},{"taxonomy":"product_tag","embeddable":true,"href":"https:\/\/bollenberg.com\/en\/wp-json\/wp\/v2\/product_tag?post=17856"}],"curies":[{"name":"wp","href":"https:\/\/api.w.org\/{rel}","templated":true}]}}