{"id":17851,"date":"2018-06-20T14:25:04","date_gmt":"2018-06-20T14:25:05","guid":{"rendered":"https:\/\/bollenberg.com\/?post_type=product&#038;p=17851"},"modified":"2018-06-26T16:48:42","modified_gmt":"2018-06-26T16:48:42","slug":"alsace-pinot-blanc-selection-2017-bio-box-of-6","status":"publish","type":"product","link":"https:\/\/bollenberg.com\/en\/boutique\/alsace-wine\/tradition-alsace-wine\/alsace-pinot-blanc-selection-2017-bio-box-of-6\/","title":{"rendered":"Alsace Pinot Blanc S\u00e9lection 2017 Bio (box of 6)"},"content":{"rendered":"<p>Ce Pinot Blanc \u00e9voque des notes florales sur une finale min\u00e9rale, blanc sec et gastronomique, il a une \u00e9volution aromatique fra\u00eeche et plaisante, il est id\u00e9al en entr\u00e9e mais s\u2019accommode \u00e9galement avec les poissons et les viandes blanches. Ce Pinot Blanc issus de Vieilles Vignes est r\u00e9colt\u00e9 sur le terroir &#8216;Bollenberg&#8217;, un site d&#8217;exception de part sa biodiversit\u00e9 et sa lande s\u00e8che.<\/p>\n<p>&nbsp;<\/p>\n<p><img loading=\"lazy\" decoding=\"async\" style=\"max-width: 50% !important;\" src=\"\/wp-content\/uploads\/indsuc1.png\" alt=\"Sec au Liquoreux: 1\/10\" width=\"279\" height=\"55\" \/><\/p>\n<p>&nbsp;<\/p>\n","protected":false},"excerpt":{"rendered":"<p>Ce Pinot Blanc \u00e9voque des notes florales sur une finale min\u00e9rale, blanc sec et gastronomique, il a une \u00e9volution aromatique fra\u00eeche et plaisante, il est id\u00e9al en entr\u00e9e.<\/p>\n","protected":false},"featured_media":13082,"template":"","meta":[],"product_brand":[],"product_cat":[310,313,1282],"product_tag":[1547,330,351,361],"class_list":{"0":"post-17851","1":"product","2":"type-product","3":"status-publish","4":"has-post-thumbnail","6":"product_cat-alsace-wine","7":"product_cat-tradition-alsace-wine","8":"product_cat-box-of-6-bottles","9":"product_tag-2017-en","10":"product_tag-organic","11":"product_tag-pinot-blanc-en","12":"product_tag-selection-en","13":"product_shipping_class-bouteille","14":"pa_accords-mets-vins-cold-starter","15":"pa_accords-mets-vins-deli-meat","16":"pa_accords-mets-vins-fish","17":"pa_accords-mets-vins-hot-appetizers","18":"pa_accords-mets-vins-poultry","19":"pa_accords-mets-vins-salads-and-vegetables","20":"pa_accords-mets-vins-sea-food","21":"pa_accords-mets-vins-vegetables-accompaniments","22":"pa_accords-mets-vins-white-meats","23":"pa_appellation-alsace-en","24":"pa_cepage-pinot-blanc-en","25":"pa_contenance-750-ml-en","26":"pa_degre-dalcool-13-en","27":"pa_domaine-clos-sainte-apolline--domaine-du-bollenberg","28":"pa_garde-from-3-to-5-years","29":"pa_la-robe-bel-or-vert-brillant-en","30":"pa_le-nez-fin-capiteux-evoquant-des-notes-dagrumes-en","31":"pa_millesime-2017-en","32":"pa_mise-en-bouteilles-9-months-after-the-harvest","33":"pa_sol-clay-limestone","34":"pa_sucre-residuel-2-9-g-l-en","35":"pa_type-de-vin-dry","36":"pa_vinification-traditional-in-oak-barrel-hand-picked-harvested-at-the-end-of-the-harvest-period-on-old-vines-parcels-formerly-called-steinwein","38":"first","39":"outofstock","40":"taxable","41":"shipping-taxable","42":"purchasable","43":"product-type-simple"},"booking_location":null,"booking_location_type":null,"booking_duration":null,"booking_duration_unit":null,"booking_buffer":null,"booking_cost":null,"booking_resources":null,"group_of_quantity":0,"min_quantity":0,"max_quantity":"","exclude_order_quantity_value_rules":"no","exclude_category_quantity_rules":"no","combine_variations":"no","exclude_global_add_ons":[],"addons":[],"_links":{"self":[{"href":"https:\/\/bollenberg.com\/en\/wp-json\/wp\/v2\/product\/17851","targetHints":{"allow":["GET"]}}],"collection":[{"href":"https:\/\/bollenberg.com\/en\/wp-json\/wp\/v2\/product"}],"about":[{"href":"https:\/\/bollenberg.com\/en\/wp-json\/wp\/v2\/types\/product"}],"wp:featuredmedia":[{"embeddable":true,"href":"https:\/\/bollenberg.com\/en\/wp-json\/wp\/v2\/media\/13082"}],"wp:attachment":[{"href":"https:\/\/bollenberg.com\/en\/wp-json\/wp\/v2\/media?parent=17851"}],"wp:term":[{"taxonomy":"product_brand","embeddable":true,"href":"https:\/\/bollenberg.com\/en\/wp-json\/wp\/v2\/product_brand?post=17851"},{"taxonomy":"product_cat","embeddable":true,"href":"https:\/\/bollenberg.com\/en\/wp-json\/wp\/v2\/product_cat?post=17851"},{"taxonomy":"product_tag","embeddable":true,"href":"https:\/\/bollenberg.com\/en\/wp-json\/wp\/v2\/product_tag?post=17851"}],"curies":[{"name":"wp","href":"https:\/\/api.w.org\/{rel}","templated":true}]}}