{"id":17565,"date":"2018-06-05T09:25:33","date_gmt":"2018-06-05T09:25:34","guid":{"rendered":"https:\/\/bollenberg.com\/?post_type=product&#038;p=17565"},"modified":"2019-09-04T15:24:53","modified_gmt":"2019-09-04T15:24:53","slug":"alsace-pinot-gris-selection-2016-bio-750-ml","status":"publish","type":"product","link":"https:\/\/bollenberg.com\/en\/boutique\/alsace-wine\/alsace-pinot-gris-en\/alsace-pinot-gris-selection-2016-bio-750-ml\/","title":{"rendered":"Alsace Pinot Gris S\u00e9lection 2016 Bio &#8211; 750 ml"},"content":{"rendered":"<p>Ce vin a une jolie robe jaune or clair. Les ar\u00f4mes de miel et biscuits dominent un bouquet florale ample et g\u00e9n\u00e9reux qui invite \u00e0 la d\u00e9gustation. L&#8217;attaque tonique et une bouche charmeuse donne un \u00e9quilibre et une belle finesse \u00e0 cette cuv\u00e9e.<\/p>\n<p>Id\u00e9al pour la gastronomie, il s&#8217;accordera \u00e0 merveille avec un poisson grill\u00e9 ou fum\u00e9, des viandes blanches associ\u00e9es avec des \u00e9pices .<\/p>\n<p><img loading=\"lazy\" decoding=\"async\" class=\"alignnone size-full wp-image-8551\" src=\"\/wp-content\/uploads\/indsuc3.png\" alt=\"indsuc3\" width=\"280\" height=\"54\" \/><\/p>\n","protected":false},"excerpt":{"rendered":"<p>Id\u00e9al pour la gastronomie, il s\u2019accordera \u00e0 merveille avec un poisson grill\u00e9 ou fum\u00e9, des viandes blanches associ\u00e9es avec des \u00e9pices .<\/p>\n<p><img loading=\"lazy\" decoding=\"async\" class=\"alignnone size-full wp-image-8551\" src=\"\/wp-content\/uploads\/indsuc3.png\" alt=\"indsuc3\" width=\"280\" height=\"54\" \/><\/p>\n<div class=\"row row-small row-full-width\"  id=\"row-1840200196\">\r\n\r\n\n\t<div id=\"col-1281318758\" class=\"col small-12 large-12\"  >\n\t\t\t\t<div class=\"col-inner\"  >\n\t\t\t\n\t\t\t\r\n<div style=\"border:1px solid #eee;padding:10px;font-size: 80%;\"><i class=\"fas fa-lg fa-exclamation-triangle\"><\/i> Un mill\u00e9sime \u00e9puis\u00e9 est remplac\u00e9 par le suivant de m\u00eame niveau qualitatif. Les prix affich\u00e9s sur notre site sont des exclusivit\u00e9s internet.<\/div>\r\n\t\t<\/div>\n\t\t\t\t\t<\/div>\n\n\t\r\n\r\n<\/div>\n","protected":false},"featured_media":13087,"template":"","meta":[],"product_brand":[],"product_cat":[314,310],"product_tag":[327,1552,330,352,361],"class_list":{"0":"post-17565","1":"product","2":"type-product","3":"status-publish","4":"has-post-thumbnail","6":"product_cat-alsace-pinot-gris-en","7":"product_cat-alsace-wine","8":"product_tag-2016-en","9":"product_tag-bulkslc6-en","10":"product_tag-organic","11":"product_tag-pinot-gris-en","12":"product_tag-selection-en","13":"product_shipping_class-bouteille","14":"pa_accords-mets-vins-cold-starter","15":"pa_accords-mets-vins-deli-meat","16":"pa_accords-mets-vins-fish","17":"pa_accords-mets-vins-game","18":"pa_accords-mets-vins-giblets","19":"pa_accords-mets-vins-hot-appetizers","20":"pa_accords-mets-vins-pasta","21":"pa_accords-mets-vins-poultry","22":"pa_accords-mets-vins-salads-and-vegetables","23":"pa_accords-mets-vins-sea-food","24":"pa_accords-mets-vins-soups","25":"pa_accords-mets-vins-vegetables-accompaniments","26":"pa_accords-mets-vins-white-meats","27":"pa_appellation-alsace-en","28":"pa_cepage-pinot-gris-en","29":"pa_contenance-750-ml-en","30":"pa_degre-dalcool-12-en","31":"pa_domaine-clos-sainte-apolline--domaine-du-bollenberg","32":"pa_garde-from-4-to-10-years","33":"pa_la-bouche-attaque-franche-avec-une-subtile-note-de-fruits-frais-belle-ampleur-et-merveilleuse-structure-en","34":"pa_la-robe-jaune-or-clair-tres-brillante-en","35":"pa_le-nez-delicate-senteurs-de-fleurs-et-de-peche-blanche-en","36":"pa_millesime-2016-en","37":"pa_mise-en-bouteilles-9-months-after-the-harvest","38":"pa_sol-clay-limestone","39":"pa_sucre-residuel-12-gl-en","40":"pa_vinification-traditional-in-oak-barrels-hand-picked","42":"first","43":"outofstock","44":"featured","45":"taxable","46":"shipping-taxable","47":"purchasable","48":"product-type-simple"},"booking_location":null,"booking_location_type":null,"booking_duration":null,"booking_duration_unit":null,"booking_buffer":null,"booking_cost":null,"booking_resources":null,"group_of_quantity":0,"min_quantity":0,"max_quantity":"","exclude_order_quantity_value_rules":"no","exclude_category_quantity_rules":"no","combine_variations":"no","exclude_global_add_ons":[],"addons":[],"_links":{"self":[{"href":"https:\/\/bollenberg.com\/en\/wp-json\/wp\/v2\/product\/17565","targetHints":{"allow":["GET"]}}],"collection":[{"href":"https:\/\/bollenberg.com\/en\/wp-json\/wp\/v2\/product"}],"about":[{"href":"https:\/\/bollenberg.com\/en\/wp-json\/wp\/v2\/types\/product"}],"wp:featuredmedia":[{"embeddable":true,"href":"https:\/\/bollenberg.com\/en\/wp-json\/wp\/v2\/media\/13087"}],"wp:attachment":[{"href":"https:\/\/bollenberg.com\/en\/wp-json\/wp\/v2\/media?parent=17565"}],"wp:term":[{"taxonomy":"product_brand","embeddable":true,"href":"https:\/\/bollenberg.com\/en\/wp-json\/wp\/v2\/product_brand?post=17565"},{"taxonomy":"product_cat","embeddable":true,"href":"https:\/\/bollenberg.com\/en\/wp-json\/wp\/v2\/product_cat?post=17565"},{"taxonomy":"product_tag","embeddable":true,"href":"https:\/\/bollenberg.com\/en\/wp-json\/wp\/v2\/product_tag?post=17565"}],"curies":[{"name":"wp","href":"https:\/\/api.w.org\/{rel}","templated":true}]}}