{"id":15026,"date":"2011-11-19T15:04:05","date_gmt":"2011-11-19T15:04:05","guid":{"rendered":"https:\/\/bollenberg.com\/boutique\/uncategorized\/alsace-edelzwicker-1-litre\/"},"modified":"2025-12-01T02:22:18","modified_gmt":"2025-12-01T01:22:18","slug":"alsace-edelzwicker-1-litre","status":"publish","type":"product","link":"https:\/\/bollenberg.com\/en\/boutique\/alsace-wine\/tradition-alsace-wine\/alsace-edelzwicker-1-litre\/","title":{"rendered":"Alsace Edelzwicker Bio (1000ml)"},"content":{"rendered":"<p>Ce vin d&#8217;assemblage s&#8217;exprime sur des notes de fleurs blanches, il est d\u00e9salt\u00e9rant de part sa fra\u00eecheur et s&#8217;appr\u00e9cie sur tous types de mets. Ce vin est issu du terroir &#8216;Bollenberg&#8217;, un site d&#8217;exception de part sa biodiversit\u00e9 et sa lande s\u00e8che.<\/p>\n<p><img loading=\"lazy\" decoding=\"async\" style=\"max-width: 50% !important;\" src=\"\/wp-content\/uploads\/indsuc2.png\" alt=\"Sec au Liquoreux: 2\/10\" width=\"279\" height=\"55\" \/><\/p>\n<p>&nbsp;<\/p>\n<p>&nbsp;<\/p>\n","protected":false},"excerpt":{"rendered":"<p>Charpent\u00e9, sec et agr\u00e9ablement fruit\u00e9, c\u2019est le vin convivial par excellence car facile \u00e0 marier avec toutes sortes d\u2019entr\u00e9es ou en Kir<\/p>\n<p><img loading=\"lazy\" decoding=\"async\" class=\"alignleft wp-image-11220 size-full\" src=\"\/wp-content\/uploads\/indsuc2.png\" alt=\"\" width=\"279\" height=\"55\" srcset=\"https:\/\/bollenberg.com\/wp-content\/uploads\/indsuc2.png 279w, https:\/\/bollenberg.com\/wp-content\/uploads\/indsuc2-100x20.png 100w, https:\/\/bollenberg.com\/wp-content\/uploads\/indsuc2-200x39.png 200w, https:\/\/bollenberg.com\/wp-content\/uploads\/indsuc2-40x8.png 40w\" sizes=\"auto, (max-width: 279px) 100vw, 279px\" \/><\/p>\n<p>&nbsp;<\/p>\n<p>&nbsp;<\/p>\n","protected":false},"featured_media":13099,"template":"","meta":[],"product_brand":[],"product_cat":[310,313],"product_tag":[338,330],"class_list":{"0":"post-15026","1":"product","2":"type-product","3":"status-publish","4":"has-post-thumbnail","6":"product_cat-alsace-wine","7":"product_cat-tradition-alsace-wine","8":"product_tag-edelzwicker-en","9":"product_tag-organic","10":"product_shipping_class-bouteille","11":"pa_accords-mets-vins-cheese","12":"pa_accords-mets-vins-cold-starter","13":"pa_accords-mets-vins-deli-meat","14":"pa_accords-mets-vins-desserts-en","15":"pa_accords-mets-vins-fish","16":"pa_accords-mets-vins-giblets","17":"pa_accords-mets-vins-hot-appetizers","18":"pa_accords-mets-vins-pasta","19":"pa_accords-mets-vins-poultry","20":"pa_accords-mets-vins-salads-and-vegetables","21":"pa_accords-mets-vins-sea-food","22":"pa_accords-mets-vins-soups","23":"pa_accords-mets-vins-starter","24":"pa_accords-mets-vins-vegetables-accompaniments","25":"pa_accords-mets-vins-white-meats","26":"pa_appellation-alsace-en","27":"pa_cepage-blended-wine-muscat-pinot-gris","28":"pa_contenance-1000-ml-en","29":"pa_degre-dalcool-12-en","30":"pa_domaine-clos-sainte-apolline--domaine-du-bollenberg","31":"pa_garde-from-3-to-5-years","32":"pa_millesime-no-vintage","33":"pa_type-de-vin-semi-dry","35":"first","36":"instock","37":"taxable","38":"shipping-taxable","39":"purchasable","40":"product-type-simple"},"booking_location":null,"booking_location_type":null,"booking_duration":null,"booking_duration_unit":null,"booking_buffer":null,"booking_cost":null,"booking_resources":null,"group_of_quantity":0,"min_quantity":0,"max_quantity":"","exclude_order_quantity_value_rules":"no","exclude_category_quantity_rules":"no","combine_variations":"no","exclude_global_add_ons":[],"addons":[],"_links":{"self":[{"href":"https:\/\/bollenberg.com\/en\/wp-json\/wp\/v2\/product\/15026","targetHints":{"allow":["GET"]}}],"collection":[{"href":"https:\/\/bollenberg.com\/en\/wp-json\/wp\/v2\/product"}],"about":[{"href":"https:\/\/bollenberg.com\/en\/wp-json\/wp\/v2\/types\/product"}],"wp:featuredmedia":[{"embeddable":true,"href":"https:\/\/bollenberg.com\/en\/wp-json\/wp\/v2\/media\/13099"}],"wp:attachment":[{"href":"https:\/\/bollenberg.com\/en\/wp-json\/wp\/v2\/media?parent=15026"}],"wp:term":[{"taxonomy":"product_brand","embeddable":true,"href":"https:\/\/bollenberg.com\/en\/wp-json\/wp\/v2\/product_brand?post=15026"},{"taxonomy":"product_cat","embeddable":true,"href":"https:\/\/bollenberg.com\/en\/wp-json\/wp\/v2\/product_cat?post=15026"},{"taxonomy":"product_tag","embeddable":true,"href":"https:\/\/bollenberg.com\/en\/wp-json\/wp\/v2\/product_tag?post=15026"}],"curies":[{"name":"wp","href":"https:\/\/api.w.org\/{rel}","templated":true}]}}