{"id":15025,"date":"2011-11-19T15:04:05","date_gmt":"2011-11-19T15:04:05","guid":{"rendered":"https:\/\/bollenberg.com\/boutique\/uncategorized\/alsace-eselzwicker-tradition-bio\/"},"modified":"2011-11-19T15:04:05","modified_gmt":"2011-11-19T15:04:05","slug":"alsace-eselzwicker-tradition-bio","status":"publish","type":"product","link":"https:\/\/bollenberg.com\/en\/boutique\/alsace-wine\/tradition-alsace-wine\/alsace-eselzwicker-tradition-bio\/","title":{"rendered":"Alsace Eselzwicker Tradition Bio (750ml)"},"content":{"rendered":"<p>Ce vin est issu du terroir &#8216;Bollenberg&#8217;, un site d&#8217;exception de part sa biodiversit\u00e9 et sa lande s\u00e8che. Ce vin d&#8217;assemblage s&#8217;exprime sur des notes de fleurs blanches, il est d\u00e9salt\u00e9rant de part sa fra\u00eecheur et s&#8217;appr\u00e9cie sur tous types de mets.<\/p>\n<p><img loading=\"lazy\" decoding=\"async\" class=\"alignnone size-full wp-image-8545\" src=\"\/wp-content\/uploads\/indsuc1.png\" alt=\"indsuc1\" width=\"279\" height=\"55\" \/><\/p>\n","protected":false},"excerpt":{"rendered":"<p>Ce vin d\u2019assemblage s\u2019exprime sur des notes de fleurs blanches, il est d\u00e9salt\u00e9rant de part sa fra\u00eecheur et s\u2019appr\u00e9cie sur tous types de mets.<\/p>\n<p><img loading=\"lazy\" decoding=\"async\" class=\"alignnone size-full wp-image-8545\" src=\"\/wp-content\/uploads\/indsuc1.png\" alt=\"indsuc1\" width=\"279\" height=\"55\" \/><\/p>\n","protected":false},"featured_media":13096,"template":"","meta":[],"product_brand":[],"product_cat":[310,313],"product_tag":[339,330,363],"class_list":{"0":"post-15025","1":"product","2":"type-product","3":"status-publish","4":"has-post-thumbnail","6":"product_cat-alsace-wine","7":"product_cat-tradition-alsace-wine","8":"product_tag-eselzwicker-en","9":"product_tag-organic","10":"product_tag-tradition-en","11":"product_shipping_class-bouteille","12":"pa_accords-mets-vins-cheese","13":"pa_accords-mets-vins-cold-starter","14":"pa_accords-mets-vins-deli-meat","15":"pa_accords-mets-vins-desserts-en","16":"pa_accords-mets-vins-fish","17":"pa_accords-mets-vins-giblets","18":"pa_accords-mets-vins-hot-appetizers","19":"pa_accords-mets-vins-pasta","20":"pa_accords-mets-vins-poultry","21":"pa_accords-mets-vins-salads-and-vegetables","22":"pa_accords-mets-vins-sea-food","23":"pa_accords-mets-vins-soups","24":"pa_accords-mets-vins-starter","25":"pa_accords-mets-vins-vegetables-accompaniments","26":"pa_accords-mets-vins-white-meats","27":"pa_appellation-alsace-en","28":"pa_cepage-blended-wine-muscat-pinot-gris","29":"pa_contenance-750-ml-en","30":"pa_degre-dalcool-11-5-en","31":"pa_domaine-clos-sainte-apolline--domaine-du-bollenberg","32":"pa_garde-from-3-to-5-years","33":"pa_millesime-no-vintage","34":"pa_type-de-vin-dry","36":"first","37":"instock","38":"taxable","39":"shipping-taxable","40":"purchasable","41":"product-type-simple"},"booking_location":null,"booking_location_type":null,"booking_duration":null,"booking_duration_unit":null,"booking_buffer":null,"booking_cost":null,"booking_resources":null,"group_of_quantity":0,"min_quantity":0,"max_quantity":"","exclude_order_quantity_value_rules":"no","exclude_category_quantity_rules":"no","combine_variations":"no","exclude_global_add_ons":[],"addons":[],"_links":{"self":[{"href":"https:\/\/bollenberg.com\/en\/wp-json\/wp\/v2\/product\/15025","targetHints":{"allow":["GET"]}}],"collection":[{"href":"https:\/\/bollenberg.com\/en\/wp-json\/wp\/v2\/product"}],"about":[{"href":"https:\/\/bollenberg.com\/en\/wp-json\/wp\/v2\/types\/product"}],"wp:featuredmedia":[{"embeddable":true,"href":"https:\/\/bollenberg.com\/en\/wp-json\/wp\/v2\/media\/13096"}],"wp:attachment":[{"href":"https:\/\/bollenberg.com\/en\/wp-json\/wp\/v2\/media?parent=15025"}],"wp:term":[{"taxonomy":"product_brand","embeddable":true,"href":"https:\/\/bollenberg.com\/en\/wp-json\/wp\/v2\/product_brand?post=15025"},{"taxonomy":"product_cat","embeddable":true,"href":"https:\/\/bollenberg.com\/en\/wp-json\/wp\/v2\/product_cat?post=15025"},{"taxonomy":"product_tag","embeddable":true,"href":"https:\/\/bollenberg.com\/en\/wp-json\/wp\/v2\/product_tag?post=15025"}],"curies":[{"name":"wp","href":"https:\/\/api.w.org\/{rel}","templated":true}]}}