{"id":15023,"date":"2011-11-19T15:03:59","date_gmt":"2011-11-19T15:03:59","guid":{"rendered":"https:\/\/bollenberg.com\/boutique\/uncategorized\/eau-de-vie-marc-de-riesling\/"},"modified":"2011-11-19T15:03:59","modified_gmt":"2011-11-19T15:03:59","slug":"eau-de-vie-marc-de-riesling","status":"publish","type":"product","link":"https:\/\/bollenberg.com\/en\/boutique\/brandies\/grapes-and-wines\/eau-de-vie-marc-de-riesling\/","title":{"rendered":"Eau de Vie de Marc de Riesling &#8211; 700 ml"},"content":{"rendered":"<p>La derni\u00e8re n\u00e9e des eaux de vie de raisins, elle se caract\u00e9rise par son originalit\u00e9 et son fruit\u00e9 d\u00e9licat.<br \/>\n<span style=\"text-decoration: underline;\">Contenance<\/span> : 700.00 ml<br \/>\n<span style=\"text-decoration: underline;\">Volume<\/span> : 50.00\u00b0<\/p>\n","protected":false},"excerpt":{"rendered":"<p>La derni\u00e8re n\u00e9e des eaux de vie de raisins, elle se caract\u00e9rise par son originalit\u00e9 et son fruit\u00e9 d\u00e9licat.<\/p>\n","protected":false},"featured_media":12994,"template":"","meta":[],"product_brand":[],"product_cat":[297,302],"product_tag":[337,356],"class_list":{"0":"post-15023","1":"product","2":"type-product","3":"status-publish","4":"has-post-thumbnail","6":"product_cat-brandies","7":"product_cat-grapes-and-wines","8":"product_tag-brandies","9":"product_tag-grape-and-wine","10":"product_shipping_class-bouteille","12":"first","13":"instock","14":"taxable","15":"shipping-taxable","16":"purchasable","17":"product-type-simple"},"booking_location":null,"booking_location_type":null,"booking_duration":null,"booking_duration_unit":null,"booking_buffer":null,"booking_cost":null,"booking_resources":null,"group_of_quantity":0,"min_quantity":0,"max_quantity":"","exclude_order_quantity_value_rules":"no","exclude_category_quantity_rules":"no","combine_variations":"no","exclude_global_add_ons":[],"addons":[],"_links":{"self":[{"href":"https:\/\/bollenberg.com\/en\/wp-json\/wp\/v2\/product\/15023","targetHints":{"allow":["GET"]}}],"collection":[{"href":"https:\/\/bollenberg.com\/en\/wp-json\/wp\/v2\/product"}],"about":[{"href":"https:\/\/bollenberg.com\/en\/wp-json\/wp\/v2\/types\/product"}],"wp:featuredmedia":[{"embeddable":true,"href":"https:\/\/bollenberg.com\/en\/wp-json\/wp\/v2\/media\/12994"}],"wp:attachment":[{"href":"https:\/\/bollenberg.com\/en\/wp-json\/wp\/v2\/media?parent=15023"}],"wp:term":[{"taxonomy":"product_brand","embeddable":true,"href":"https:\/\/bollenberg.com\/en\/wp-json\/wp\/v2\/product_brand?post=15023"},{"taxonomy":"product_cat","embeddable":true,"href":"https:\/\/bollenberg.com\/en\/wp-json\/wp\/v2\/product_cat?post=15023"},{"taxonomy":"product_tag","embeddable":true,"href":"https:\/\/bollenberg.com\/en\/wp-json\/wp\/v2\/product_tag?post=15023"}],"curies":[{"name":"wp","href":"https:\/\/api.w.org\/{rel}","templated":true}]}}