{"id":15017,"date":"2017-03-30T16:02:21","date_gmt":"2017-03-30T16:02:21","guid":{"rendered":"https:\/\/bollenberg.com\/boutique\/uncategorized\/alsace-muscat-selection-bio-2016-750ml\/"},"modified":"2017-03-30T16:02:21","modified_gmt":"2017-03-30T16:02:21","slug":"alsace-muscat-selection-bio-2016-750ml","status":"publish","type":"product","link":"https:\/\/bollenberg.com\/en\/boutique\/alsace-wine\/alsace-gewurztraminer-en-2\/alsace-muscat-selection-bio-2016-750ml\/","title":{"rendered":"Alsace Muscat S\u00e9lection Bio 2016 (750ml)"},"content":{"rendered":"<p>Ce Muscat aux senteurs florales et de raisins fra\u00eechement r\u00e9colt\u00e9s d\u00e9voile des saveurs croquantes avec un tr\u00e8s joli fruit\u00e9 persistant et une finale fra\u00eeche. A consommer en en ap\u00e9ritif, il se distinguera sur des asperges blanches ou vertes, des fromages ( ch\u00e8vre ou brebis ) en soir\u00e9e, lors de r\u00e9ceptions. Ce Muscat issus de Vieilles Vignes est class\u00e9 sur le terroir &#8216;Bollenberg&#8217;, site d&#8217;exception de part sa biodiversit\u00e9 et sa lande s\u00e8che.<\/p>\n<p><img loading=\"lazy\" decoding=\"async\" style=\"max-width: 50% !important;\" src=\"\/wp-content\/uploads\/indsuc2.png\" alt=\"Sec au Liquoreux: 2\/10\" width=\"279\" height=\"55\" \/><\/p>\n<p>&nbsp;<\/p>\n","protected":false},"excerpt":{"rendered":"<p>A consommer en en ap\u00e9ritif, il se distinguera sur des asperges blanches ou vertes, des fromages ( ch\u00e8vre ou brebis ) en soir\u00e9e, lors de r\u00e9ceptions.<\/p>\n<p><img loading=\"lazy\" decoding=\"async\" style=\"max-width: 50% !important;\" src=\"\/wp-content\/uploads\/indsuc2.png\" alt=\"Sec au Liquoreux: 2\/10\" width=\"279\" height=\"55\" \/><\/p>\n","protected":false},"featured_media":13080,"template":"","meta":[],"product_brand":[],"product_cat":[310,312],"product_tag":[327,1552,349,330,361],"class_list":{"0":"post-15017","1":"product","2":"type-product","3":"status-publish","4":"has-post-thumbnail","6":"product_cat-alsace-wine","7":"product_cat-alsace-gewurztraminer-en-2","8":"product_tag-2016-en","9":"product_tag-bulkslc6-en","10":"product_tag-muscat-en","11":"product_tag-organic","12":"product_tag-selection-en","13":"product_shipping_class-bouteille","14":"pa_appellation-alsace-en","15":"pa_cepage-muscat-en","16":"pa_contenance-750-ml-en","17":"pa_degre-dalcool-12-en","18":"pa_domaine-clos-sainte-apolline--domaine-du-bollenberg","19":"pa_garde-from-3-to-5-years","20":"pa_la-robe-or-vert-tres-brillante-en","21":"pa_le-nez-franc-et-tres-aromatique-des-aromes-puissants-de-fruits-et-de-raisin-frais-en","22":"pa_millesime-2016-en","23":"pa_mise-en-bouteilles-6-months-after-the-harvest","24":"pa_sol-clay-limestone","25":"pa_sucre-residuel-8-gl-en","26":"pa_vinification-traditional-in-oak-barrel-hand-picked-harvested-at-the-end-of-the-harvest-period-on-old-vines-parcels-formerly-called-steinwein","28":"first","29":"outofstock","30":"taxable","31":"shipping-taxable","32":"purchasable","33":"product-type-simple"},"booking_location":null,"booking_location_type":null,"booking_duration":null,"booking_duration_unit":null,"booking_buffer":null,"booking_cost":null,"booking_resources":null,"group_of_quantity":0,"min_quantity":0,"max_quantity":"","exclude_order_quantity_value_rules":"no","exclude_category_quantity_rules":"no","combine_variations":"no","exclude_global_add_ons":[],"addons":[],"_links":{"self":[{"href":"https:\/\/bollenberg.com\/en\/wp-json\/wp\/v2\/product\/15017","targetHints":{"allow":["GET"]}}],"collection":[{"href":"https:\/\/bollenberg.com\/en\/wp-json\/wp\/v2\/product"}],"about":[{"href":"https:\/\/bollenberg.com\/en\/wp-json\/wp\/v2\/types\/product"}],"wp:featuredmedia":[{"embeddable":true,"href":"https:\/\/bollenberg.com\/en\/wp-json\/wp\/v2\/media\/13080"}],"wp:attachment":[{"href":"https:\/\/bollenberg.com\/en\/wp-json\/wp\/v2\/media?parent=15017"}],"wp:term":[{"taxonomy":"product_brand","embeddable":true,"href":"https:\/\/bollenberg.com\/en\/wp-json\/wp\/v2\/product_brand?post=15017"},{"taxonomy":"product_cat","embeddable":true,"href":"https:\/\/bollenberg.com\/en\/wp-json\/wp\/v2\/product_cat?post=15017"},{"taxonomy":"product_tag","embeddable":true,"href":"https:\/\/bollenberg.com\/en\/wp-json\/wp\/v2\/product_tag?post=15017"}],"curies":[{"name":"wp","href":"https:\/\/api.w.org\/{rel}","templated":true}]}}