{"id":15009,"date":"2011-11-19T15:04:15","date_gmt":"2011-11-19T15:04:15","guid":{"rendered":"https:\/\/bollenberg.com\/boutique\/uncategorized\/alsace-riesling-selection-de-grains-nobles-2007\/"},"modified":"2019-09-04T15:48:31","modified_gmt":"2019-09-04T15:48:31","slug":"alsace-riesling-selection-de-grains-nobles-2007","status":"publish","type":"product","link":"https:\/\/bollenberg.com\/en\/boutique\/alsace-wine\/alsace-riesling-en\/alsace-riesling-selection-de-grains-nobles-2007\/","title":{"rendered":"Alsace Riesling S\u00e9lection de Grains Nobles 2007 (750ml)"},"content":{"rendered":"<p>Ce riesling d&#8217;une couleur jaune or, pr\u00e9sente de tr\u00e8s agr\u00e9ables notes de fruits confits. D&#8217;une belle vivacit\u00e9 et onctuosit\u00e9 il \u00e9voque la gel\u00e9e de fruit avec beaucoup de raffinement et termine sur une finale finement rafra\u00eechissante. Ce vin liquoreux de grande qualit\u00e9 est parfait a l\u2019ap\u00e9ritif, un r\u00e9gal pour lui tout seul. Ce riesling issus de parcelle class\u00e9e sur le terroir &#8216;Bollenberg&#8217;, provient de raisins sur matur\u00e9s et dont la r\u00e9colte se fait uniquement de grains atteints de pourriture noble (botrytis) il est produit en tr\u00e8s petite quantit\u00e9.<\/p>\n<p><img loading=\"lazy\" decoding=\"async\" style=\"max-width: 50% !important;\" src=\"\/wp-content\/uploads\/indsuc7.png\" alt=\"Sec au Liquoreux: 7\/10\" width=\"279\" height=\"55\" \/><\/p>\n<p>&nbsp;<\/p>\n","protected":false},"excerpt":{"rendered":"<p>Ce vin liquoreux de grande qualit\u00e9 est parfait a l\u2019ap\u00e9ritif, un r\u00e9gal pour lui tout seul.<\/p>\n<p><img loading=\"lazy\" decoding=\"async\" style=\"max-width: 50% !important;\" src=\"\/wp-content\/uploads\/indsuc7.png\" alt=\"Sec au Liquoreux: 7\/10\" width=\"279\" height=\"55\" \/><\/p>\n","protected":false},"featured_media":13072,"template":"","meta":[],"product_brand":[],"product_cat":[310,316,318,306],"product_tag":[320,346,357,361],"class_list":{"0":"post-15009","1":"product","2":"type-product","3":"status-publish","4":"has-post-thumbnail","6":"product_cat-alsace-wine","7":"product_cat-alsace-riesling-en","8":"product_cat-our-collection-wines","9":"product_cat-special-offers","10":"product_tag-2007-en","11":"product_tag-grains-nobles-en","12":"product_tag-riesling-en","13":"product_tag-selection-en","14":"product_shipping_class-bouteille","15":"pa_accords-mets-vins-desserts-en","16":"pa_accords-mets-vins-starter","17":"pa_appellation-alsace-en","18":"pa_cepage-riesling-en","19":"pa_contenance-750-ml-en","20":"pa_degre-dalcool-12-5-en","21":"pa_domaine-clos-sainte-apolline--domaine-du-bollenberg","22":"pa_garde-beyond-10-years","23":"pa_millesime-2007-en","24":"pa_sucre-residuel-78-gl-en","26":"first","27":"outofstock","28":"sale","29":"featured","30":"taxable","31":"shipping-taxable","32":"purchasable","33":"product-type-simple"},"booking_location":null,"booking_location_type":null,"booking_duration":null,"booking_duration_unit":null,"booking_buffer":null,"booking_cost":null,"booking_resources":null,"group_of_quantity":0,"min_quantity":0,"max_quantity":"","exclude_order_quantity_value_rules":"no","exclude_category_quantity_rules":"no","combine_variations":"no","exclude_global_add_ons":[],"addons":[],"_links":{"self":[{"href":"https:\/\/bollenberg.com\/en\/wp-json\/wp\/v2\/product\/15009","targetHints":{"allow":["GET"]}}],"collection":[{"href":"https:\/\/bollenberg.com\/en\/wp-json\/wp\/v2\/product"}],"about":[{"href":"https:\/\/bollenberg.com\/en\/wp-json\/wp\/v2\/types\/product"}],"wp:featuredmedia":[{"embeddable":true,"href":"https:\/\/bollenberg.com\/en\/wp-json\/wp\/v2\/media\/13072"}],"wp:attachment":[{"href":"https:\/\/bollenberg.com\/en\/wp-json\/wp\/v2\/media?parent=15009"}],"wp:term":[{"taxonomy":"product_brand","embeddable":true,"href":"https:\/\/bollenberg.com\/en\/wp-json\/wp\/v2\/product_brand?post=15009"},{"taxonomy":"product_cat","embeddable":true,"href":"https:\/\/bollenberg.com\/en\/wp-json\/wp\/v2\/product_cat?post=15009"},{"taxonomy":"product_tag","embeddable":true,"href":"https:\/\/bollenberg.com\/en\/wp-json\/wp\/v2\/product_tag?post=15009"}],"curies":[{"name":"wp","href":"https:\/\/api.w.org\/{rel}","templated":true}]}}