{"id":15008,"date":"2015-11-09T13:27:22","date_gmt":"2015-11-09T13:27:22","guid":{"rendered":"https:\/\/bollenberg.com\/boutique\/uncategorized\/alsace-riesling-tradition-bio-2014\/"},"modified":"2015-11-09T13:27:22","modified_gmt":"2015-11-09T13:27:22","slug":"alsace-riesling-tradition-bio-2014","status":"publish","type":"product","link":"https:\/\/bollenberg.com\/en\/boutique\/alsace-wine\/alsace-riesling-en\/alsace-riesling-tradition-bio-2014\/","title":{"rendered":"Alsace Riesling Tradition Bio 2014 (750ml)"},"content":{"rendered":"<p>Ce riesling d\u00e9voile des ar\u00f4mes d&#8217;une grande finesse l\u00e9g\u00e8rement citronn\u00e9. Il accompagne admirablement bien tout un repas, c,est un vin gastronomique par excellence, il s\u2019accommode avec tout ce que la mer nous offre. Ce riesling est issus de parcelle class\u00e9e sur le terroir &#8216;Bollenberg&#8217;un site d&#8217;exception de part sa biodiversit\u00e9 et sa lande s\u00e8che.<\/p>\n<p><img loading=\"lazy\" decoding=\"async\" style=\"max-width: 50% !important;\" src=\"\/wp-content\/uploads\/indsuc2.png\" alt=\"Sec au Liquoreux: 2\/10\" width=\"279\" height=\"55\" \/><\/p>\n<p>&nbsp;<\/p>\n","protected":false},"excerpt":{"rendered":"<p>Vin gastronomique par excellence, il s\u2019accommode avec tout ce que la mer nous offre.<\/p>\n<p><img loading=\"lazy\" decoding=\"async\" style=\"max-width: 50% !important;\" src=\"\/wp-content\/uploads\/indsuc2.png\" alt=\"Sec au Liquoreux: 2\/10\" width=\"279\" height=\"55\" \/><\/p>\n","protected":false},"featured_media":13077,"template":"","meta":[],"product_brand":[],"product_cat":[316,310],"product_tag":[325,330,357,363],"class_list":{"0":"post-15008","1":"product","2":"type-product","3":"status-publish","4":"has-post-thumbnail","6":"product_cat-alsace-riesling-en","7":"product_cat-alsace-wine","8":"product_tag-2014-en","9":"product_tag-organic","10":"product_tag-riesling-en","11":"product_tag-tradition-en","12":"product_shipping_class-bouteille","13":"pa_accords-mets-vins-cold-starter","14":"pa_accords-mets-vins-deli-meat","15":"pa_accords-mets-vins-fish","16":"pa_accords-mets-vins-game","17":"pa_accords-mets-vins-giblets","18":"pa_accords-mets-vins-hot-appetizers","19":"pa_accords-mets-vins-pasta","20":"pa_accords-mets-vins-poultry","21":"pa_accords-mets-vins-salads-and-vegetables","22":"pa_accords-mets-vins-sea-food","23":"pa_accords-mets-vins-vegetables-accompaniments","24":"pa_accords-mets-vins-white-meats","25":"pa_appellation-alsace-en","26":"pa_cepage-riesling-en","27":"pa_contenance-750-ml-en","28":"pa_degre-dalcool-12-5-en","29":"pa_domaine-clos-sainte-apolline--domaine-du-bollenberg","30":"pa_garde-from-3-to-5-years","31":"pa_la-robe-or-vert-tres-brillante-en","32":"pa_le-nez-fin-citronne-en","33":"pa_millesime-2014-en","34":"pa_mise-en-bouteilles-9-months-after-the-harvest","35":"pa_sol-clay-limestone","36":"pa_sucre-residuel-3gl-en","37":"pa_vinification-traditional-in-oak-barrels-hand-picked","39":"first","40":"outofstock","41":"taxable","42":"shipping-taxable","43":"purchasable","44":"product-type-simple"},"booking_location":null,"booking_location_type":null,"booking_duration":null,"booking_duration_unit":null,"booking_buffer":null,"booking_cost":null,"booking_resources":null,"group_of_quantity":0,"min_quantity":0,"max_quantity":"","exclude_order_quantity_value_rules":"no","exclude_category_quantity_rules":"no","combine_variations":"no","exclude_global_add_ons":[],"addons":[],"_links":{"self":[{"href":"https:\/\/bollenberg.com\/en\/wp-json\/wp\/v2\/product\/15008","targetHints":{"allow":["GET"]}}],"collection":[{"href":"https:\/\/bollenberg.com\/en\/wp-json\/wp\/v2\/product"}],"about":[{"href":"https:\/\/bollenberg.com\/en\/wp-json\/wp\/v2\/types\/product"}],"wp:featuredmedia":[{"embeddable":true,"href":"https:\/\/bollenberg.com\/en\/wp-json\/wp\/v2\/media\/13077"}],"wp:attachment":[{"href":"https:\/\/bollenberg.com\/en\/wp-json\/wp\/v2\/media?parent=15008"}],"wp:term":[{"taxonomy":"product_brand","embeddable":true,"href":"https:\/\/bollenberg.com\/en\/wp-json\/wp\/v2\/product_brand?post=15008"},{"taxonomy":"product_cat","embeddable":true,"href":"https:\/\/bollenberg.com\/en\/wp-json\/wp\/v2\/product_cat?post=15008"},{"taxonomy":"product_tag","embeddable":true,"href":"https:\/\/bollenberg.com\/en\/wp-json\/wp\/v2\/product_tag?post=15008"}],"curies":[{"name":"wp","href":"https:\/\/api.w.org\/{rel}","templated":true}]}}