{"id":15006,"date":"2017-10-11T18:04:46","date_gmt":"2017-10-11T18:04:46","guid":{"rendered":"https:\/\/bollenberg.com\/boutique\/uncategorized\/alsace-riesling-selection-bio-2016-box-of-6\/"},"modified":"2018-02-01T19:22:22","modified_gmt":"2018-02-01T19:22:22","slug":"alsace-riesling-selection-bio-2016-box-of-6","status":"publish","type":"product","link":"https:\/\/bollenberg.com\/en\/boutique\/alsace-wine\/alsace-riesling-en\/alsace-riesling-selection-bio-2016-box-of-6\/","title":{"rendered":"Alsace Riesling S\u00e9lection Bio 2016 (box of 6)"},"content":{"rendered":"<p>Ce riesling pr\u00e9sente de tr\u00e8s belles notes florales et min\u00e9rales sur une finale l\u00e9g\u00e8rement beurr\u00e9e. Vin blanc demi-sec , belle intensit\u00e9 au nez qui rappelle la cire d&#8217;abeille, d&#8217;une belle ampleur en bouche avec une belle fra\u00eecheur en finale. Ce vin d&#8217;une exquise opulence se marie id\u00e9alement avec des poissons en sauce ou des viandes blanches. Ce riesling issus de Vieilles Vignes est class\u00e9 sur le terroir &#8216;Bollenberg&#8217;, un site d&#8217;exception de part sa biodiversit\u00e9 et sa lande s\u00e8che.<\/p>\n<p><img loading=\"lazy\" decoding=\"async\" style=\"max-width: 50% !important;\" src=\"\/wp-content\/uploads\/indsuc2.png\" alt=\"Sec au Liquoreux: 2\/10\" width=\"279\" height=\"55\" \/><\/p>\n<p>&nbsp;<\/p>\n","protected":false},"excerpt":{"rendered":"<p>Ce vin d\u2019une exquise opulence se marie id\u00e9alement avec des poissons en sauce ou des viandes blanches.<\/p>\n","protected":false},"featured_media":13074,"template":"","meta":[],"product_brand":[],"product_cat":[316,310,1282],"product_tag":[327,1549,357,361],"class_list":{"0":"post-15006","1":"product","2":"type-product","3":"status-publish","4":"has-post-thumbnail","6":"product_cat-alsace-riesling-en","7":"product_cat-alsace-wine","8":"product_cat-box-of-6-bottles","9":"product_tag-2016-en","10":"product_tag-boxslc6-en","11":"product_tag-riesling-en","12":"product_tag-selection-en","13":"product_shipping_class-bouteille","14":"pa_accords-mets-vins-cold-starter","15":"pa_accords-mets-vins-deli-meat","16":"pa_accords-mets-vins-fish","17":"pa_accords-mets-vins-game","18":"pa_accords-mets-vins-giblets","19":"pa_accords-mets-vins-hot-appetizers","20":"pa_accords-mets-vins-pasta","21":"pa_accords-mets-vins-poultry","22":"pa_accords-mets-vins-salads-and-vegetables","23":"pa_accords-mets-vins-sea-food","24":"pa_accords-mets-vins-vegetables-accompaniments","25":"pa_accords-mets-vins-white-meats","26":"pa_appellation-alsace-en","27":"pa_cepage-riesling-en","28":"pa_contenance-750-ml-en","29":"pa_degre-dalcool-12-en","30":"pa_domaine-clos-sainte-apolline--domaine-du-bollenberg","31":"pa_garde-from-3-to-7-years","32":"pa_millesime-2016-en","33":"pa_sucre-residuel-6gl-en","35":"first","36":"outofstock","37":"taxable","38":"shipping-taxable","39":"purchasable","40":"product-type-simple"},"booking_location":null,"booking_location_type":null,"booking_duration":null,"booking_duration_unit":null,"booking_buffer":null,"booking_cost":null,"booking_resources":null,"group_of_quantity":0,"min_quantity":0,"max_quantity":"","exclude_order_quantity_value_rules":"no","exclude_category_quantity_rules":"no","combine_variations":"no","exclude_global_add_ons":[],"addons":[],"_links":{"self":[{"href":"https:\/\/bollenberg.com\/en\/wp-json\/wp\/v2\/product\/15006","targetHints":{"allow":["GET"]}}],"collection":[{"href":"https:\/\/bollenberg.com\/en\/wp-json\/wp\/v2\/product"}],"about":[{"href":"https:\/\/bollenberg.com\/en\/wp-json\/wp\/v2\/types\/product"}],"wp:featuredmedia":[{"embeddable":true,"href":"https:\/\/bollenberg.com\/en\/wp-json\/wp\/v2\/media\/13074"}],"wp:attachment":[{"href":"https:\/\/bollenberg.com\/en\/wp-json\/wp\/v2\/media?parent=15006"}],"wp:term":[{"taxonomy":"product_brand","embeddable":true,"href":"https:\/\/bollenberg.com\/en\/wp-json\/wp\/v2\/product_brand?post=15006"},{"taxonomy":"product_cat","embeddable":true,"href":"https:\/\/bollenberg.com\/en\/wp-json\/wp\/v2\/product_cat?post=15006"},{"taxonomy":"product_tag","embeddable":true,"href":"https:\/\/bollenberg.com\/en\/wp-json\/wp\/v2\/product_tag?post=15006"}],"curies":[{"name":"wp","href":"https:\/\/api.w.org\/{rel}","templated":true}]}}