{"id":15005,"date":"2011-11-19T15:04:09","date_gmt":"2011-11-19T15:04:09","guid":{"rendered":"https:\/\/bollenberg.com\/boutique\/uncategorized\/alsace-pinot-gris-selection-grains-nobles-2001\/"},"modified":"2011-11-19T15:04:09","modified_gmt":"2011-11-19T15:04:09","slug":"alsace-pinot-gris-selection-grains-nobles-2001","status":"publish","type":"product","link":"https:\/\/bollenberg.com\/en\/boutique\/alsace-wine\/alsace-pinot-gris-en\/alsace-pinot-gris-selection-grains-nobles-2001\/","title":{"rendered":"Alsace Pinot Gris S\u00e9lection Grains Nobles 2001 (750ml)"},"content":{"rendered":"<p>Ce Pinot Gris issus de raisins sur matur\u00e9s et dont la r\u00e9colte se fait uniquement de grains atteints de pourriture noble (botrytis) il est produit en tr\u00e8s petite quantit\u00e9. Ce Pinot Gris d&#8217;une couleur jaune or, pr\u00e9sente de tr\u00e8s agr\u00e9ables notes de fruits confits et d&#8217;abricots secs. D&#8217;une saveur confitur\u00e9e et onctueuse il \u00e9voque les parfums de miel avec des notes fum\u00e9es et une finale g\u00e9n\u00e9reuse. Ce vin liquoreux de grande qualit\u00e9 est parfait a l\u2019ap\u00e9ritif, un r\u00e9gal pour lui tout seulce de raisins secs et de fruits confits. Ce Pinot Gris est issus du terroir &#8216;Bollenberg&#8217;, un site d&#8217;exception de part sa biodiversit\u00e9 et sa lande s\u00e8che.<\/p>\n<p><img loading=\"lazy\" decoding=\"async\" style=\"max-width: 50% !important;\" src=\"\/wp-content\/uploads\/indsuc8.png\" alt=\"Sec au Liquoreux: 8\/10\" width=\"279\" height=\"55\" \/><\/p>\n<p>&nbsp;<\/p>\n","protected":false},"excerpt":{"rendered":"<p>Ce vin liquoreux de grande qualit\u00e9 est parfait a l\u2019ap\u00e9ritif, un r\u00e9gal pour lui tout seulce de raisins secs et de fruits confits.<\/p>\n<p><img loading=\"lazy\" decoding=\"async\" style=\"max-width: 50% !important;\" src=\"\/wp-content\/uploads\/indsuc8.png\" alt=\"Sec au Liquoreux: 8\/10\" width=\"279\" height=\"55\" \/><\/p>\n","protected":false},"featured_media":13101,"template":"","meta":[],"product_brand":[],"product_cat":[314,310,318],"product_tag":[322,346,352,361],"class_list":{"0":"post-15005","1":"product","2":"type-product","3":"status-publish","4":"has-post-thumbnail","6":"product_cat-alsace-pinot-gris-en","7":"product_cat-alsace-wine","8":"product_cat-our-collection-wines","9":"product_tag-2011-en","10":"product_tag-grains-nobles-en","11":"product_tag-pinot-gris-en","12":"product_tag-selection-en","13":"product_shipping_class-bouteille","14":"pa_accords-mets-vins-desserts-en","15":"pa_accords-mets-vins-starter","16":"pa_appellation-alsace-en","17":"pa_cepage-pinot-gris-en","18":"pa_contenance-750-ml-en","19":"pa_degre-dalcool-12-en","20":"pa_domaine-clos-sainte-apolline--domaine-du-bollenberg","21":"pa_garde-beyond-10-years","22":"pa_la-robe-or-miel-reflets-chaleureux-en","23":"pa_le-nez-evoquant-la-fragrance-de-raisins-secs-et-de-fruits-confits-en","24":"pa_millesime-2001-en","25":"pa_mise-en-bouteilles-12-months-after-the-harvest","26":"pa_sol-clay-limestone","27":"pa_vinification-traditional-in-oak-barrel-hand-picked-harvested-according-to-the-regulations-of-grains-nobles-in-alsace","29":"first","30":"instock","31":"taxable","32":"shipping-taxable","33":"purchasable","34":"product-type-simple"},"booking_location":null,"booking_location_type":null,"booking_duration":null,"booking_duration_unit":null,"booking_buffer":null,"booking_cost":null,"booking_resources":null,"group_of_quantity":0,"min_quantity":0,"max_quantity":"","exclude_order_quantity_value_rules":"no","exclude_category_quantity_rules":"no","combine_variations":"no","exclude_global_add_ons":[],"addons":[],"_links":{"self":[{"href":"https:\/\/bollenberg.com\/en\/wp-json\/wp\/v2\/product\/15005","targetHints":{"allow":["GET"]}}],"collection":[{"href":"https:\/\/bollenberg.com\/en\/wp-json\/wp\/v2\/product"}],"about":[{"href":"https:\/\/bollenberg.com\/en\/wp-json\/wp\/v2\/types\/product"}],"wp:featuredmedia":[{"embeddable":true,"href":"https:\/\/bollenberg.com\/en\/wp-json\/wp\/v2\/media\/13101"}],"wp:attachment":[{"href":"https:\/\/bollenberg.com\/en\/wp-json\/wp\/v2\/media?parent=15005"}],"wp:term":[{"taxonomy":"product_brand","embeddable":true,"href":"https:\/\/bollenberg.com\/en\/wp-json\/wp\/v2\/product_brand?post=15005"},{"taxonomy":"product_cat","embeddable":true,"href":"https:\/\/bollenberg.com\/en\/wp-json\/wp\/v2\/product_cat?post=15005"},{"taxonomy":"product_tag","embeddable":true,"href":"https:\/\/bollenberg.com\/en\/wp-json\/wp\/v2\/product_tag?post=15005"}],"curies":[{"name":"wp","href":"https:\/\/api.w.org\/{rel}","templated":true}]}}