{"id":15004,"date":"2011-11-19T15:04:10","date_gmt":"2011-11-19T15:04:10","guid":{"rendered":"https:\/\/bollenberg.com\/boutique\/uncategorized\/alsace-pinot-gris-selection-grains-nobles-2007\/"},"modified":"2011-11-19T15:04:10","modified_gmt":"2011-11-19T15:04:10","slug":"alsace-pinot-gris-selection-grains-nobles-2007","status":"publish","type":"product","link":"https:\/\/bollenberg.com\/en\/boutique\/alsace-wine\/alsace-pinot-gris-en\/alsace-pinot-gris-selection-grains-nobles-2007\/","title":{"rendered":"Alsace Pinot Gris S\u00e9lection Grains Nobles 2007 (750ml)"},"content":{"rendered":"<p>Ce Pinot Gris issus de raisins sur matures et dont la r\u00e9colte se fait uniquement de grains atteints de pourriture noble(botrytis) il est produit en tr\u00e8s petite quantit\u00e9. Ce Pinot Gris d&#8217;une couleur jaune or, pr\u00e9sente de tr\u00e8s agr\u00e9ables notes de fruits confits et de coing. D&#8217;une belle vivacit\u00e9 et onctuosit\u00e9 il \u00e9voque le raisin sec, la figue et le miel avec beaucoup de raffinement et termine sur une finale parfaitement \u00e9quilibr\u00e9e. Ce vin liquoreux de grande qualit\u00e9 est parfait a l\u2019ap\u00e9ritif, un r\u00e9gal pour lui tout seul. Ce Pinot Gris est issus du terroir &#8216;Bollenberg&#8217;, un site d&#8217;exception de part sa biodiversit\u00e9 et sa lande s\u00e8che.<\/p>\n<p><img loading=\"lazy\" decoding=\"async\" style=\"max-width: 50% !important;\" src=\"\/wp-content\/uploads\/indsuc8.png\" alt=\"Sec au Liquoreux: 8\/10\" width=\"279\" height=\"55\" \/><\/p>\n<p>&nbsp;<\/p>\n","protected":false},"excerpt":{"rendered":"<p>Ce vin liquoreux de grande qualit\u00e9 est parfait a l\u2019ap\u00e9ritif, un r\u00e9gal pour lui tout seul.<\/p>\n<p><img loading=\"lazy\" decoding=\"async\" style=\"max-width: 50% !important;\" src=\"\/wp-content\/uploads\/indsuc8.png\" alt=\"Sec au Liquoreux: 8\/10\" width=\"279\" height=\"55\" \/><\/p>\n","protected":false},"featured_media":13103,"template":"","meta":[],"product_brand":[],"product_cat":[314,310,318],"product_tag":[320,346,352,361],"class_list":{"0":"post-15004","1":"product","2":"type-product","3":"status-publish","4":"has-post-thumbnail","6":"product_cat-alsace-pinot-gris-en","7":"product_cat-alsace-wine","8":"product_cat-our-collection-wines","9":"product_tag-2007-en","10":"product_tag-grains-nobles-en","11":"product_tag-pinot-gris-en","12":"product_tag-selection-en","13":"product_shipping_class-bouteille","14":"pa_accords-mets-vins-desserts-en","15":"pa_accords-mets-vins-starter","16":"pa_appellation-alsace-en","17":"pa_cepage-pinot-gris-en","18":"pa_contenance-750-ml-en","19":"pa_degre-dalcool-12-en","20":"pa_domaine-clos-sainte-apolline--domaine-du-bollenberg","21":"pa_garde-beyond-10-years","22":"pa_millesime-2007-en","23":"pa_sucre-residuel-94-gl-en","25":"first","26":"instock","27":"taxable","28":"shipping-taxable","29":"purchasable","30":"product-type-simple"},"booking_location":null,"booking_location_type":null,"booking_duration":null,"booking_duration_unit":null,"booking_buffer":null,"booking_cost":null,"booking_resources":null,"group_of_quantity":0,"min_quantity":0,"max_quantity":"","exclude_order_quantity_value_rules":"no","exclude_category_quantity_rules":"no","combine_variations":"no","exclude_global_add_ons":[],"addons":[],"_links":{"self":[{"href":"https:\/\/bollenberg.com\/en\/wp-json\/wp\/v2\/product\/15004","targetHints":{"allow":["GET"]}}],"collection":[{"href":"https:\/\/bollenberg.com\/en\/wp-json\/wp\/v2\/product"}],"about":[{"href":"https:\/\/bollenberg.com\/en\/wp-json\/wp\/v2\/types\/product"}],"wp:featuredmedia":[{"embeddable":true,"href":"https:\/\/bollenberg.com\/en\/wp-json\/wp\/v2\/media\/13103"}],"wp:attachment":[{"href":"https:\/\/bollenberg.com\/en\/wp-json\/wp\/v2\/media?parent=15004"}],"wp:term":[{"taxonomy":"product_brand","embeddable":true,"href":"https:\/\/bollenberg.com\/en\/wp-json\/wp\/v2\/product_brand?post=15004"},{"taxonomy":"product_cat","embeddable":true,"href":"https:\/\/bollenberg.com\/en\/wp-json\/wp\/v2\/product_cat?post=15004"},{"taxonomy":"product_tag","embeddable":true,"href":"https:\/\/bollenberg.com\/en\/wp-json\/wp\/v2\/product_tag?post=15004"}],"curies":[{"name":"wp","href":"https:\/\/api.w.org\/{rel}","templated":true}]}}