{"id":15003,"date":"2011-11-19T15:04:11","date_gmt":"2011-11-19T15:04:11","guid":{"rendered":"https:\/\/bollenberg.com\/boutique\/uncategorized\/alsace-pinot-gris-vendanges-tardives-2009\/"},"modified":"2019-11-18T19:05:32","modified_gmt":"2019-11-18T19:05:32","slug":"alsace-pinot-gris-vendanges-tardives-2009","status":"publish","type":"product","link":"https:\/\/bollenberg.com\/en\/boutique\/alsace-wine\/alsace-pinot-gris-en\/alsace-pinot-gris-vendanges-tardives-2009\/","title":{"rendered":"Alsace Pinot Gris Vendanges Tardives 2009 (750ml)"},"content":{"rendered":"<p>Ce Pinot Gris est r\u00e9colt\u00e9 tardivement, les raisins sont sur m\u00fbris et concentr\u00e9s en sucre naturel. Ces cuv\u00e9es sont \u00e9labor\u00e9es en toute petite quantit\u00e9. D&#8217;une grande complexit\u00e9 aromatique, aux reflets chaleureux, la bouche r\u00e9v\u00e8le des saveurs suaves et vineuses sur un beau fond min\u00e9ral. Ce vin liquoreux de grande garde sera parfait \u00e0 l&#8217;ap\u00e9ritif en accompagnement de desserts ou simplement \u00e0 savourer pour lui-m\u00eame. Ce Pinot Gris est issus du terroir &#8216;Bollenberg&#8217;, un site d&#8217;exception de part sa biodiversit\u00e9 et sa lande s\u00e8che.<\/p>\n<p><img loading=\"lazy\" decoding=\"async\" style=\"max-width: 50% !important;\" src=\"\/wp-content\/uploads\/indsuc7.png\" alt=\"Sec au Liquoreux: 7\/10\" width=\"279\" height=\"55\" \/><\/p>\n<p>&nbsp;<\/p>\n","protected":false},"excerpt":{"rendered":"<p>Ce vin liquoreux de grande garde sera parfait \u00e0 l\u2019ap\u00e9ritif en accompagnement de desserts ou simplement \u00e0 savourer pour lui-m\u00eame.<\/p>\n<p><img loading=\"lazy\" decoding=\"async\" style=\"max-width: 50% !important;\" src=\"\/wp-content\/uploads\/indsuc7.png\" alt=\"Sec au Liquoreux: 7\/10\" width=\"279\" height=\"55\" \/><\/p>\n","protected":false},"featured_media":13094,"template":"","meta":[],"product_brand":[],"product_cat":[314,310,318],"product_tag":[321,352,364],"class_list":{"0":"post-15003","1":"product","2":"type-product","3":"status-publish","4":"has-post-thumbnail","6":"product_cat-alsace-pinot-gris-en","7":"product_cat-alsace-wine","8":"product_cat-our-collection-wines","9":"product_tag-2009-en","10":"product_tag-pinot-gris-en","11":"product_tag-vendanges-tardives-en","12":"product_shipping_class-bouteille","13":"pa_accords-mets-vins-desserts-en","14":"pa_accords-mets-vins-starter","15":"pa_appellation-alsace-en","16":"pa_cepage-pinot-gris-en","17":"pa_contenance-750-ml-en","18":"pa_degre-dalcool-12-en","19":"pa_domaine-clos-sainte-apolline--domaine-du-bollenberg","20":"pa_garde-from-3-to-15-years","21":"pa_la-robe-or-pale-rose-avec-une-intensite-elevee-en","22":"pa_le-nez-belle-touche-de-fruits-confits-et-de-coing-en","23":"pa_millesime-2009-en","24":"pa_mise-en-bouteilles-12-months-after-the-harvest","25":"pa_sol-clay-limestone","26":"pa_sucre-residuel-86-gl-en","27":"pa_vinification-traditional-in-oak-barrels-hand-picked","29":"first","30":"outofstock","31":"taxable","32":"shipping-taxable","33":"purchasable","34":"product-type-simple"},"booking_location":null,"booking_location_type":null,"booking_duration":null,"booking_duration_unit":null,"booking_buffer":null,"booking_cost":null,"booking_resources":null,"group_of_quantity":0,"min_quantity":0,"max_quantity":"","exclude_order_quantity_value_rules":"no","exclude_category_quantity_rules":"no","combine_variations":"no","exclude_global_add_ons":[],"addons":[],"_links":{"self":[{"href":"https:\/\/bollenberg.com\/en\/wp-json\/wp\/v2\/product\/15003","targetHints":{"allow":["GET"]}}],"collection":[{"href":"https:\/\/bollenberg.com\/en\/wp-json\/wp\/v2\/product"}],"about":[{"href":"https:\/\/bollenberg.com\/en\/wp-json\/wp\/v2\/types\/product"}],"wp:featuredmedia":[{"embeddable":true,"href":"https:\/\/bollenberg.com\/en\/wp-json\/wp\/v2\/media\/13094"}],"wp:attachment":[{"href":"https:\/\/bollenberg.com\/en\/wp-json\/wp\/v2\/media?parent=15003"}],"wp:term":[{"taxonomy":"product_brand","embeddable":true,"href":"https:\/\/bollenberg.com\/en\/wp-json\/wp\/v2\/product_brand?post=15003"},{"taxonomy":"product_cat","embeddable":true,"href":"https:\/\/bollenberg.com\/en\/wp-json\/wp\/v2\/product_cat?post=15003"},{"taxonomy":"product_tag","embeddable":true,"href":"https:\/\/bollenberg.com\/en\/wp-json\/wp\/v2\/product_tag?post=15003"}],"curies":[{"name":"wp","href":"https:\/\/api.w.org\/{rel}","templated":true}]}}