{"id":15000,"date":"2017-04-26T10:09:06","date_gmt":"2017-04-26T10:09:06","guid":{"rendered":"https:\/\/bollenberg.com\/boutique\/uncategorized\/alsace-pinot-gris-prestige-bio-2016-750ml\/"},"modified":"2019-11-20T15:43:12","modified_gmt":"2019-11-20T15:43:12","slug":"alsace-pinot-gris-prestige-bio-2016-750ml","status":"publish","type":"product","link":"https:\/\/bollenberg.com\/en\/boutique\/alsace-wine\/alsace-pinot-gris-en\/alsace-pinot-gris-prestige-bio-2016-750ml\/","title":{"rendered":"Alsace Pinot Gris Prestige Bio 2016 (750ml)"},"content":{"rendered":"<p>Ce Pinot Gris issus du terroir &#8216;Bollenberg&#8217;, provient de vendanges de raisins en sur maturit\u00e9, il d\u00e9voile des notes de\u00a0miel, il est riche et \u00e9l\u00e9gant par sa finale fra\u00eeche et fondante l\u00e9g\u00e8rement fum\u00e9e. Un r\u00e9gal pour lui tout seul , incomparable sur un foie gras po\u00eale ou sur les petits gibiers.<\/p>\n<p><img loading=\"lazy\" decoding=\"async\" style=\"max-width: 50% !important;\" src=\"\/wp-content\/uploads\/indsuc4.png\" alt=\"Sec au Liquoreux: 4\/10\" width=\"279\" height=\"55\" \/><\/p>\n<p>&nbsp;<\/p>\n","protected":false},"excerpt":{"rendered":"<p>Provenant de vendanges de raisins en sur maturit\u00e9, ce vin d\u00e9voile des notes de miel, il est riche et \u00e9l\u00e9gant par sa finale fra\u00eeche et fondante l\u00e9g\u00e8rement fum\u00e9e.<\/p>\n<p><img loading=\"lazy\" decoding=\"async\" style=\"max-width: 50% !important;\" src=\"\/wp-content\/uploads\/indsuc4.png\" alt=\"Sec au Liquoreux: 4\/10\" width=\"279\" height=\"55\" \/><\/p>\n","protected":false},"featured_media":13088,"template":"","meta":[],"product_brand":[],"product_cat":[314,310],"product_tag":[327,1551,330,352,354],"class_list":{"0":"post-15000","1":"product","2":"type-product","3":"status-publish","4":"has-post-thumbnail","6":"product_cat-alsace-pinot-gris-en","7":"product_cat-alsace-wine","8":"product_tag-2016-en","9":"product_tag-bulkprg6-en","10":"product_tag-organic","11":"product_tag-pinot-gris-en","12":"product_tag-prestige-en","13":"product_shipping_class-bouteille","14":"pa_accords-mets-vins-desserts-en","15":"pa_accords-mets-vins-hot-appetizers","16":"pa_accords-mets-vins-starter","17":"pa_appellation-alsace-en","18":"pa_cepage-pinot-gris-en","19":"pa_contenance-750-ml-en","20":"pa_degre-dalcool-12-en","21":"pa_domaine-clos-sainte-apolline--domaine-du-bollenberg","22":"pa_garde-from-3-to-15-years","23":"pa_la-robe-or-miel-tres-brillante-en","24":"pa_le-nez-ample-race-evoquant-les-epices-chaudes-sur-fonds-de-fruits-confits-proches-des-fruits-secs-avec-un-cachet-actif-a-peine-fume-en","25":"pa_millesime-2016-en","26":"pa_mise-en-bouteilles-9-months-after-the-harvest","27":"pa_sol-clay-limestone","28":"pa_sucre-residuel-12-gl-en","29":"pa_vinification-traditional-in-oak-barrels-hand-picked","31":"first","32":"outofstock","33":"taxable","34":"shipping-taxable","35":"purchasable","36":"product-type-simple"},"booking_location":null,"booking_location_type":null,"booking_duration":null,"booking_duration_unit":null,"booking_buffer":null,"booking_cost":null,"booking_resources":null,"group_of_quantity":0,"min_quantity":0,"max_quantity":"","exclude_order_quantity_value_rules":"no","exclude_category_quantity_rules":"no","combine_variations":"no","exclude_global_add_ons":[],"addons":[],"_links":{"self":[{"href":"https:\/\/bollenberg.com\/en\/wp-json\/wp\/v2\/product\/15000","targetHints":{"allow":["GET"]}}],"collection":[{"href":"https:\/\/bollenberg.com\/en\/wp-json\/wp\/v2\/product"}],"about":[{"href":"https:\/\/bollenberg.com\/en\/wp-json\/wp\/v2\/types\/product"}],"wp:featuredmedia":[{"embeddable":true,"href":"https:\/\/bollenberg.com\/en\/wp-json\/wp\/v2\/media\/13088"}],"wp:attachment":[{"href":"https:\/\/bollenberg.com\/en\/wp-json\/wp\/v2\/media?parent=15000"}],"wp:term":[{"taxonomy":"product_brand","embeddable":true,"href":"https:\/\/bollenberg.com\/en\/wp-json\/wp\/v2\/product_brand?post=15000"},{"taxonomy":"product_cat","embeddable":true,"href":"https:\/\/bollenberg.com\/en\/wp-json\/wp\/v2\/product_cat?post=15000"},{"taxonomy":"product_tag","embeddable":true,"href":"https:\/\/bollenberg.com\/en\/wp-json\/wp\/v2\/product_tag?post=15000"}],"curies":[{"name":"wp","href":"https:\/\/api.w.org\/{rel}","templated":true}]}}