{"id":14999,"date":"2017-10-06T16:37:14","date_gmt":"2017-10-06T16:37:14","guid":{"rendered":"https:\/\/bollenberg.com\/boutique\/uncategorized\/alsace-pinot-gris-vendanges-tardives-1996-750ml\/"},"modified":"2019-11-18T18:53:15","modified_gmt":"2019-11-18T18:53:15","slug":"alsace-pinot-gris-vendanges-tardives-1996-750ml","status":"publish","type":"product","link":"https:\/\/bollenberg.com\/en\/boutique\/alsace-wine\/alsace-pinot-gris-en\/alsace-pinot-gris-vendanges-tardives-1996-750ml\/","title":{"rendered":"Alsace Pinot Gris Vendanges Tardives 1996 (750ml)"},"content":{"rendered":"<p>Ce Pinot Gris est r\u00e9colt\u00e9 tardivement, les raisins sont sur m\u00fbris et concentr\u00e9s en sucre naturel. Ces cuv\u00e9es sont \u00e9labor\u00e9es en toute petite quantit\u00e9. Ce Pinot Gris aux ar\u00f4mes de truffes blanches ne finira pas de surprendre les amoureux de vins de collection, imposante structure en bouche tout en harmonie en font un vin de garde et d&#8217;exception. Ce Pinot Gris est issus du terroir &#8216;Bollenberg&#8217;, un site d&#8217;exception de part sa biodiversit\u00e9 et sa lande s\u00e8che.<\/p>\n<p><img loading=\"lazy\" decoding=\"async\" style=\"max-width: 50% !important;\" src=\"\/wp-content\/uploads\/indsuc5.png\" alt=\"Sec au Liquoreux: 5\/10\" width=\"279\" height=\"55\" \/><\/p>\n","protected":false},"excerpt":{"rendered":"<p>Ce Pinot Gris aux ar\u00f4mes de truffes blanches ne finira pas de surprendre les amoureux de vins de collection, imposante structure en bouche tout en harmonie en font un vin de garde et d\u2019exception.<\/p>\n<p><img loading=\"lazy\" decoding=\"async\" style=\"max-width: 50% !important;\" src=\"\/wp-content\/uploads\/indsuc5.png\" alt=\"Sec au Liquoreux: 5\/10\" width=\"279\" height=\"55\" \/><\/p>\n","protected":false},"featured_media":13101,"template":"","meta":[],"product_brand":[],"product_cat":[310,314,318],"product_tag":[319,352,364],"class_list":{"0":"post-14999","1":"product","2":"type-product","3":"status-publish","4":"has-post-thumbnail","6":"product_cat-alsace-wine","7":"product_cat-alsace-pinot-gris-en","8":"product_cat-our-collection-wines","9":"product_tag-1996-en","10":"product_tag-pinot-gris-en","11":"product_tag-vendanges-tardives-en","12":"product_shipping_class-bouteille","13":"pa_accords-mets-vins-desserts-en","14":"pa_accords-mets-vins-starter","15":"pa_appellation-alsace-en","16":"pa_cepage-pinot-gris-en","17":"pa_contenance-750-ml-en","18":"pa_degre-dalcool-12-en","19":"pa_domaine-clos-sainte-apolline--domaine-du-bollenberg","20":"pa_garde-from-3-to-15-years","21":"pa_la-robe-or-pale-rose-avec-une-intensite-elevee-en","22":"pa_le-nez-belle-touche-de-fruits-confits-et-de-coing-en","23":"pa_millesime-1996-en","24":"pa_sol-clay-limestone","25":"pa_type-de-vin-balanced","26":"pa_vinification-traditional-in-oak-barrels-hand-picked","28":"first","29":"outofstock","30":"taxable","31":"shipping-taxable","32":"purchasable","33":"product-type-simple"},"booking_location":null,"booking_location_type":null,"booking_duration":null,"booking_duration_unit":null,"booking_buffer":null,"booking_cost":null,"booking_resources":null,"group_of_quantity":0,"min_quantity":0,"max_quantity":"","exclude_order_quantity_value_rules":"no","exclude_category_quantity_rules":"no","combine_variations":"no","exclude_global_add_ons":[],"addons":[],"_links":{"self":[{"href":"https:\/\/bollenberg.com\/en\/wp-json\/wp\/v2\/product\/14999","targetHints":{"allow":["GET"]}}],"collection":[{"href":"https:\/\/bollenberg.com\/en\/wp-json\/wp\/v2\/product"}],"about":[{"href":"https:\/\/bollenberg.com\/en\/wp-json\/wp\/v2\/types\/product"}],"wp:featuredmedia":[{"embeddable":true,"href":"https:\/\/bollenberg.com\/en\/wp-json\/wp\/v2\/media\/13101"}],"wp:attachment":[{"href":"https:\/\/bollenberg.com\/en\/wp-json\/wp\/v2\/media?parent=14999"}],"wp:term":[{"taxonomy":"product_brand","embeddable":true,"href":"https:\/\/bollenberg.com\/en\/wp-json\/wp\/v2\/product_brand?post=14999"},{"taxonomy":"product_cat","embeddable":true,"href":"https:\/\/bollenberg.com\/en\/wp-json\/wp\/v2\/product_cat?post=14999"},{"taxonomy":"product_tag","embeddable":true,"href":"https:\/\/bollenberg.com\/en\/wp-json\/wp\/v2\/product_tag?post=14999"}],"curies":[{"name":"wp","href":"https:\/\/api.w.org\/{rel}","templated":true}]}}