{"id":14996,"date":"2011-11-19T15:04:07","date_gmt":"2011-11-19T15:04:07","guid":{"rendered":"https:\/\/bollenberg.com\/boutique\/uncategorized\/alsace-gewurztraminer-tradition-bio-2015\/"},"modified":"2011-11-19T15:04:07","modified_gmt":"2011-11-19T15:04:07","slug":"alsace-gewurztraminer-tradition-bio-2015","status":"publish","type":"product","link":"https:\/\/bollenberg.com\/en\/boutique\/alsace-wine\/alsace-gewurztraminer-en\/alsace-gewurztraminer-tradition-bio-2015\/","title":{"rendered":"Alsace Gewurztraminer Tradition Bio 2015 (750ml)"},"content":{"rendered":"<p>Ce Gewurztraminer aux ar\u00f4mes d\u2019\u00e9pices et de roses, tr\u00e8s expressif avec une belle persistance r\u00e9v\u00e8le une bouche \u00e9quilibr\u00e9e laissant fondre des notes d\u00e9licatement fleuries (acacia, rose&#8230;.) sur des nuances exotiques. Il sera parfait en ap\u00e9ritif, sur une cuisine exotique l\u00e9g\u00e8rement \u00e9pic\u00e9e ou relev\u00e9e, en association avec des fromages cors\u00e9s ou des desserts. Ce Gewurztraminer est issus du terroir &#8216;Bollenberg&#8217;, un site d&#8217;exception de part sa biodiversit\u00e9 et sa lande s\u00e8che.<\/p>\n<p><img loading=\"lazy\" decoding=\"async\" style=\"max-width: 50% !important;\" src=\"\/wp-content\/uploads\/indsuc3.png\" alt=\"Sec au Liquoreux: 3\/10\" width=\"279\" height=\"55\" \/><\/p>\n<p>&nbsp;<\/p>\n","protected":false},"excerpt":{"rendered":"<p>Parfait en ap\u00e9ritif, sur une cuisine exotique l\u00e9g\u00e8rement \u00e9pic\u00e9e ou relev\u00e9e, en association avec des fromages cors\u00e9s ou des desserts.<\/p>\n<p><img loading=\"lazy\" decoding=\"async\" style=\"max-width: 50% !important;\" src=\"\/wp-content\/uploads\/indsuc3.png\" alt=\"Sec au Liquoreux: 3\/10\" width=\"279\" height=\"55\" \/><\/p>\n","protected":false},"featured_media":13058,"template":"","meta":[],"product_brand":[],"product_cat":[310,311],"product_tag":[326,1553,345,330,363],"class_list":{"0":"post-14996","1":"product","2":"type-product","3":"status-publish","4":"has-post-thumbnail","6":"product_cat-alsace-wine","7":"product_cat-alsace-gewurztraminer-en","8":"product_tag-2015-en","9":"product_tag-bulktrd6-en","10":"product_tag-gewurztraminer-en","11":"product_tag-organic","12":"product_tag-tradition-en","13":"product_shipping_class-bouteille","14":"pa_accords-mets-vins-cheese","15":"pa_accords-mets-vins-hot-appetizers","16":"pa_accords-mets-vins-starter","17":"pa_appellation-alsace-en","18":"pa_cepage-gewurztraminer-en","19":"pa_contenance-750-ml-en","20":"pa_degre-dalcool-12-5-en","21":"pa_domaine-clos-sainte-apolline--domaine-du-bollenberg","22":"pa_garde-from-3-to-7-years","23":"pa_la-robe-jaune-or-clair-reflets-brillants-texture-fine-et-gourmande-en","24":"pa_le-nez-nez-classique-du-cepage-avec-des-senteurs-de-petales-de-roses-arome-franc-mais-discret-en","25":"pa_millesime-2015-en","26":"pa_mise-en-bouteilles-9-months-after-the-harvest","27":"pa_sol-clay-limestone","28":"pa_sucre-residuel-13-gl-en","29":"pa_type-de-vin-semi-dry","30":"pa_vinification-traditional-in-oak-barrel-hand-picked-harvested-at-the-end-of-the-harvest-period-on-old-vines-parcels-formerly-called-steinwein","32":"first","33":"outofstock","34":"featured","35":"taxable","36":"shipping-taxable","37":"purchasable","38":"product-type-simple"},"booking_location":null,"booking_location_type":null,"booking_duration":null,"booking_duration_unit":null,"booking_buffer":null,"booking_cost":null,"booking_resources":null,"group_of_quantity":0,"min_quantity":0,"max_quantity":"","exclude_order_quantity_value_rules":"no","exclude_category_quantity_rules":"no","combine_variations":"no","exclude_global_add_ons":[],"addons":[],"_links":{"self":[{"href":"https:\/\/bollenberg.com\/en\/wp-json\/wp\/v2\/product\/14996","targetHints":{"allow":["GET"]}}],"collection":[{"href":"https:\/\/bollenberg.com\/en\/wp-json\/wp\/v2\/product"}],"about":[{"href":"https:\/\/bollenberg.com\/en\/wp-json\/wp\/v2\/types\/product"}],"wp:featuredmedia":[{"embeddable":true,"href":"https:\/\/bollenberg.com\/en\/wp-json\/wp\/v2\/media\/13058"}],"wp:attachment":[{"href":"https:\/\/bollenberg.com\/en\/wp-json\/wp\/v2\/media?parent=14996"}],"wp:term":[{"taxonomy":"product_brand","embeddable":true,"href":"https:\/\/bollenberg.com\/en\/wp-json\/wp\/v2\/product_brand?post=14996"},{"taxonomy":"product_cat","embeddable":true,"href":"https:\/\/bollenberg.com\/en\/wp-json\/wp\/v2\/product_cat?post=14996"},{"taxonomy":"product_tag","embeddable":true,"href":"https:\/\/bollenberg.com\/en\/wp-json\/wp\/v2\/product_tag?post=14996"}],"curies":[{"name":"wp","href":"https:\/\/api.w.org\/{rel}","templated":true}]}}