{"id":14995,"date":"2016-10-20T11:33:05","date_gmt":"2016-10-20T11:33:05","guid":{"rendered":"https:\/\/bollenberg.com\/boutique\/uncategorized\/alsace-gewurztraminer-vendanges-tardives-2012-750ml\/"},"modified":"2016-10-20T11:33:05","modified_gmt":"2016-10-20T11:33:05","slug":"alsace-gewurztraminer-vendanges-tardives-2012-750ml","status":"publish","type":"product","link":"https:\/\/bollenberg.com\/en\/boutique\/alsace-wine\/alsace-gewurztraminer-en\/alsace-gewurztraminer-vendanges-tardives-2012-750ml\/","title":{"rendered":"Alsace Gewurztraminer Vendanges Tardives 2012 (750ml)"},"content":{"rendered":"<p>Ce Gewurztraminer est r\u00e9colt\u00e9 tardivement, les raisins sont sur muris et concentr\u00e9s en sucre naturel. Ces cuv\u00e9es sont \u00e9labor\u00e9es en toute petite quantit\u00e9. D&#8217;une grande expression aromatique, aux reflets or pale, la bouche r\u00e9v\u00e8le des saveurs gourmandes sur des notes exotiques et fra\u00eeches. Ce vin liquoreux de grande garde sera parfait \u00e0 l&#8217;ap\u00e9ritif en accompagnement de desserts ou simplement \u00e0 savourer pour lui-m\u00eame. Ce Gewurztraminer est issus du terroir &#8216;Bollenberg&#8217;, un site d&#8217;exception de part sa biodiversit\u00e9 et sa lande s\u00e8che.<\/p>\n<p><img loading=\"lazy\" decoding=\"async\" style=\"max-width: 50% !important;\" src=\"\/wp-content\/uploads\/indsuc7.png\" alt=\"Sec au Liquoreux: 7\/10\" width=\"279\" height=\"55\" \/><\/p>\n<p>&nbsp;<\/p>\n","protected":false},"excerpt":{"rendered":"<p>Ce vin liquoreux de grande garde sera parfait \u00e0 l\u2019ap\u00e9ritif en accompagnement de desserts ou simplement \u00e0 savourer pour lui-m\u00eame.<\/p>\n<p><img loading=\"lazy\" decoding=\"async\" style=\"max-width: 50% !important;\" src=\"\/wp-content\/uploads\/indsuc7.png\" alt=\"Sec au Liquoreux: 7\/10\" width=\"279\" height=\"55\" \/><\/p>\n","protected":false},"featured_media":13061,"template":"","meta":[],"product_brand":[],"product_cat":[310,311,318],"product_tag":[323,345,364],"class_list":{"0":"post-14995","1":"product","2":"type-product","3":"status-publish","4":"has-post-thumbnail","6":"product_cat-alsace-wine","7":"product_cat-alsace-gewurztraminer-en","8":"product_cat-our-collection-wines","9":"product_tag-2012-en","10":"product_tag-gewurztraminer-en","11":"product_tag-vendanges-tardives-en","12":"product_shipping_class-bouteille","13":"pa_accords-mets-vins-cheese","14":"pa_accords-mets-vins-desserts-en","15":"pa_accords-mets-vins-starter","16":"pa_appellation-alsace-en","17":"pa_cepage-gewurztraminer-en","18":"pa_contenance-750-ml-en","19":"pa_degre-dalcool-12-en","20":"pa_domaine-clos-sainte-apolline--domaine-du-bollenberg","21":"pa_garde-from-3-to-15-years","22":"pa_la-robe-jaune-dore-lintensite-des-couleurs-brillante-et-limpide-en","23":"pa_le-nez-agreable-et-original-de-fleurs-blanches-au-parfum-en-meme-temps-avec-un-fruite-dominant-en","24":"pa_millesime-2012-en","25":"pa_mise-en-bouteilles-12-months-after-the-harvest","26":"pa_sol-clay-limestone","27":"pa_sucre-residuel-61-gl-en","28":"pa_type-de-vin-syrupy","29":"pa_vinification-traditional-in-oak-barrels-hand-picked","31":"first","32":"outofstock","33":"taxable","34":"shipping-taxable","35":"purchasable","36":"product-type-simple"},"booking_location":null,"booking_location_type":null,"booking_duration":null,"booking_duration_unit":null,"booking_buffer":null,"booking_cost":null,"booking_resources":null,"group_of_quantity":0,"min_quantity":0,"max_quantity":"","exclude_order_quantity_value_rules":"no","exclude_category_quantity_rules":"no","combine_variations":"no","exclude_global_add_ons":[],"addons":[],"_links":{"self":[{"href":"https:\/\/bollenberg.com\/en\/wp-json\/wp\/v2\/product\/14995","targetHints":{"allow":["GET"]}}],"collection":[{"href":"https:\/\/bollenberg.com\/en\/wp-json\/wp\/v2\/product"}],"about":[{"href":"https:\/\/bollenberg.com\/en\/wp-json\/wp\/v2\/types\/product"}],"wp:featuredmedia":[{"embeddable":true,"href":"https:\/\/bollenberg.com\/en\/wp-json\/wp\/v2\/media\/13061"}],"wp:attachment":[{"href":"https:\/\/bollenberg.com\/en\/wp-json\/wp\/v2\/media?parent=14995"}],"wp:term":[{"taxonomy":"product_brand","embeddable":true,"href":"https:\/\/bollenberg.com\/en\/wp-json\/wp\/v2\/product_brand?post=14995"},{"taxonomy":"product_cat","embeddable":true,"href":"https:\/\/bollenberg.com\/en\/wp-json\/wp\/v2\/product_cat?post=14995"},{"taxonomy":"product_tag","embeddable":true,"href":"https:\/\/bollenberg.com\/en\/wp-json\/wp\/v2\/product_tag?post=14995"}],"curies":[{"name":"wp","href":"https:\/\/api.w.org\/{rel}","templated":true}]}}