{"id":14994,"date":"2013-10-05T13:16:51","date_gmt":"2013-10-05T13:16:51","guid":{"rendered":"https:\/\/bollenberg.com\/boutique\/uncategorized\/alsace-gewurztraminer-grains-nobles-2011\/"},"modified":"2013-10-05T13:16:51","modified_gmt":"2013-10-05T13:16:51","slug":"alsace-gewurztraminer-grains-nobles-2011","status":"publish","type":"product","link":"https:\/\/bollenberg.com\/en\/boutique\/alsace-wine\/alsace-gewurztraminer-en\/alsace-gewurztraminer-grains-nobles-2011\/","title":{"rendered":"Alsace Gewurztraminer S\u00e9lection de Grains Nobles 2011 (750ml)"},"content":{"rendered":"<p>Ce Gewurztraminer issus de raisins en sur maturit\u00e9s et dont la r\u00e9colte se fait uniquement de grains atteints de pourriture noble (botrytis) il est produit en tr\u00e8s petite quantit\u00e9, il est d&#8217;une grande raret\u00e9. Ce Gewurztraminer d&#8217;une couleur jaune or, pr\u00e9sente de tr\u00e8s agr\u00e9ables notes d&#8217;agrumes et de fruits secs avec un zest d&#8217;\u00e9pices. D&#8217;une belle onctuosit\u00e9 il \u00e9voque des saveurs de fruits jaunes, de rose et termine sur une finale parfaitement \u00e9quilibr\u00e9e. Ce vin liquoreux de grande qualit\u00e9 est parfait a l\u2019ap\u00e9ritif, un r\u00e9gal pour lui tout seul ou \u00e9ventuellement sur un foie gras frais. Ce Gewurztraminer est issus du terroir &#8216;Bollenberg&#8217;, un site d&#8217;exception de part sa biodiversit\u00e9 et sa lande s\u00e8che.<\/p>\n<p><img loading=\"lazy\" decoding=\"async\" style=\"max-width: 50% !important;\" src=\"\/wp-content\/uploads\/indsuc8.png\" alt=\"Sec au Liquoreux: 8\/10\" width=\"279\" height=\"55\" \/><\/p>\n<p>&nbsp;<\/p>\n","protected":false},"excerpt":{"rendered":"<p>Ce vin liquoreux de grande qualit\u00e9 est parfait a l\u2019ap\u00e9ritif, un r\u00e9gal pour lui tout seul ou \u00e9ventuellement sur un foie gras frais.<\/p>\n<p><img loading=\"lazy\" decoding=\"async\" style=\"max-width: 50% !important;\" src=\"\/wp-content\/uploads\/indsuc8.png\" alt=\"Sec au Liquoreux: 8\/10\" width=\"279\" height=\"55\" \/><\/p>\n","protected":false},"featured_media":13056,"template":"","meta":[],"product_brand":[],"product_cat":[311,310],"product_tag":[345,346],"class_list":{"0":"post-14994","1":"product","2":"type-product","3":"status-publish","4":"has-post-thumbnail","6":"product_cat-alsace-gewurztraminer-en","7":"product_cat-alsace-wine","8":"product_tag-gewurztraminer-en","9":"product_tag-grains-nobles-en","10":"product_shipping_class-bouteille","11":"pa_accords-mets-vins-cheese","12":"pa_accords-mets-vins-desserts-en","13":"pa_accords-mets-vins-starter","14":"pa_appellation-alsace-en","15":"pa_cepage-gewurztraminer-en","16":"pa_contenance-750-ml-en","17":"pa_degre-dalcool-12-en","18":"pa_domaine-clos-sainte-apolline--domaine-du-bollenberg","19":"pa_garde-beyond-10-years","20":"pa_type-de-vin-syrupy","22":"first","23":"instock","24":"taxable","25":"shipping-taxable","26":"purchasable","27":"product-type-simple"},"booking_location":null,"booking_location_type":null,"booking_duration":null,"booking_duration_unit":null,"booking_buffer":null,"booking_cost":null,"booking_resources":null,"group_of_quantity":0,"min_quantity":0,"max_quantity":"","exclude_order_quantity_value_rules":"no","exclude_category_quantity_rules":"no","combine_variations":"no","exclude_global_add_ons":[],"addons":[],"_links":{"self":[{"href":"https:\/\/bollenberg.com\/en\/wp-json\/wp\/v2\/product\/14994","targetHints":{"allow":["GET"]}}],"collection":[{"href":"https:\/\/bollenberg.com\/en\/wp-json\/wp\/v2\/product"}],"about":[{"href":"https:\/\/bollenberg.com\/en\/wp-json\/wp\/v2\/types\/product"}],"wp:featuredmedia":[{"embeddable":true,"href":"https:\/\/bollenberg.com\/en\/wp-json\/wp\/v2\/media\/13056"}],"wp:attachment":[{"href":"https:\/\/bollenberg.com\/en\/wp-json\/wp\/v2\/media?parent=14994"}],"wp:term":[{"taxonomy":"product_brand","embeddable":true,"href":"https:\/\/bollenberg.com\/en\/wp-json\/wp\/v2\/product_brand?post=14994"},{"taxonomy":"product_cat","embeddable":true,"href":"https:\/\/bollenberg.com\/en\/wp-json\/wp\/v2\/product_cat?post=14994"},{"taxonomy":"product_tag","embeddable":true,"href":"https:\/\/bollenberg.com\/en\/wp-json\/wp\/v2\/product_tag?post=14994"}],"curies":[{"name":"wp","href":"https:\/\/api.w.org\/{rel}","templated":true}]}}