{"id":14991,"date":"2011-11-19T15:04:04","date_gmt":"2011-11-19T15:04:04","guid":{"rendered":"https:\/\/bollenberg.com\/boutique\/uncategorized\/alsace-cremant-emotion-brut\/"},"modified":"2021-02-01T00:00:11","modified_gmt":"2021-02-01T00:00:11","slug":"alsace-cremant-emotion-brut","status":"publish","type":"product","link":"https:\/\/bollenberg.com\/en\/boutique\/alsace-sparkling-wine\/alsace-cremant-emotion-brut\/","title":{"rendered":"Alsace Cr\u00e9mant Emotion Brut (750ml)"},"content":{"rendered":"<p>Cette cuv\u00e9e qui fait partie de l&#8217;Excellence des cr\u00e9mants d&#8217;Alsace est exclusivement issue de c\u00e9pages qui ont effectu\u00e9 un vieillissement sur Latte de plus de 2 ans. Du fait de cette \u00e9laboration particuli\u00e8re les ar\u00f4mes et les bulles sont d&#8217;une grande finesse et d&#8217;une belle complexit\u00e9. Ce grand vin effervescent est id\u00e9al \u00e0 l&#8217;ap\u00e9ritif mais pourra accompagner de mani\u00e8re festive tout le repas. Ces c\u00e9pages sont issus de vignes du terroir &#8216;Bollenberg&#8217;, site d&#8217;exception de part sa biodiversit\u00e9 et sa lande s\u00e8che.<\/p>\n<p><img loading=\"lazy\" decoding=\"async\" style=\"max-width: 50% !important;\" src=\"\/wp-content\/uploads\/indsuc1.png\" alt=\"Sec au Liquoreux: 2\/10\" width=\"279\" height=\"55\" \/><\/p>\n<p>&nbsp;<\/p>\n","protected":false},"excerpt":{"rendered":"<p>Le nez d&#039;une belle fraicheur s&#039;ouvre sur des notes de p\u00eache blanche mais aussi sur des notes l\u00e9g\u00e8rement beurr\u00e9es . La bouche est gourmande, sur des ar\u00f4mes d&#039;une grande finesse qui conf\u00e8re \u00e0 ce Cr\u00e9mant un style d&#039;exception.<\/p>\n<p><img loading=\"lazy\" decoding=\"async\" style=\"max-width: 50% !important;\" src=\"\/wp-content\/uploads\/indsuc1.png\" alt=\"Sec au Liquoreux: 2\/10\" width=\"279\" height=\"55\" \/><\/p>\n","protected":false},"featured_media":13042,"template":"","meta":[],"product_brand":[],"product_cat":[296],"product_tag":[333,335],"class_list":{"0":"post-14991","1":"product","2":"type-product","3":"status-publish","4":"has-post-thumbnail","6":"product_cat-alsace-sparkling-wine","7":"product_tag-brut-en","8":"product_tag-sparkling","9":"product_shipping_class-bouteille","10":"pa_accords-mets-vins-cold-starter","11":"pa_accords-mets-vins-hot-appetizers","12":"pa_accords-mets-vins-starter","13":"pa_appellation-alsace-en","14":"pa_cepage-chardonnay-et-pinot-gris-en","15":"pa_contenance-750-ml-en","16":"pa_degre-dalcool-11-5-en","17":"pa_domaine-clos-sainte-apolline--domaine-du-bollenberg","18":"pa_garde-from-3-to-5-years","19":"pa_la-robe-mousse-finement-constante-et-petillant-regulier-et-doux-couleur-or-jaune-pale-avec-des-reflets-scintillants-en","20":"pa_le-nez-singulier-qui-degage-fraicheur-et-de-discrets-aromes-beurres-en","21":"pa_millesime-no-vintage","22":"pa_mise-en-bouteilles-9-months-after-the-harvest-and-12-months-on-slats","23":"pa_pressurage-traditional-in-accordance-with-the-development-of-this-cremant-of-excellence","24":"pa_type-de-vin-dry","25":"pa_vendange-100-manual","27":"first","28":"instock","29":"featured","30":"taxable","31":"shipping-taxable","32":"purchasable","33":"product-type-simple"},"booking_location":null,"booking_location_type":null,"booking_duration":null,"booking_duration_unit":null,"booking_buffer":null,"booking_cost":null,"booking_resources":null,"group_of_quantity":0,"min_quantity":0,"max_quantity":"","exclude_order_quantity_value_rules":"no","exclude_category_quantity_rules":"no","combine_variations":"no","exclude_global_add_ons":[],"addons":[],"_links":{"self":[{"href":"https:\/\/bollenberg.com\/en\/wp-json\/wp\/v2\/product\/14991","targetHints":{"allow":["GET"]}}],"collection":[{"href":"https:\/\/bollenberg.com\/en\/wp-json\/wp\/v2\/product"}],"about":[{"href":"https:\/\/bollenberg.com\/en\/wp-json\/wp\/v2\/types\/product"}],"wp:featuredmedia":[{"embeddable":true,"href":"https:\/\/bollenberg.com\/en\/wp-json\/wp\/v2\/media\/13042"}],"wp:attachment":[{"href":"https:\/\/bollenberg.com\/en\/wp-json\/wp\/v2\/media?parent=14991"}],"wp:term":[{"taxonomy":"product_brand","embeddable":true,"href":"https:\/\/bollenberg.com\/en\/wp-json\/wp\/v2\/product_brand?post=14991"},{"taxonomy":"product_cat","embeddable":true,"href":"https:\/\/bollenberg.com\/en\/wp-json\/wp\/v2\/product_cat?post=14991"},{"taxonomy":"product_tag","embeddable":true,"href":"https:\/\/bollenberg.com\/en\/wp-json\/wp\/v2\/product_tag?post=14991"}],"curies":[{"name":"wp","href":"https:\/\/api.w.org\/{rel}","templated":true}]}}