{"id":14990,"date":"2011-11-19T15:04:04","date_gmt":"2011-11-19T15:04:04","guid":{"rendered":"https:\/\/bollenberg.com\/boutique\/uncategorized\/alsace-cremant-cuvee-madeleine-brut\/"},"modified":"2024-03-01T00:04:45","modified_gmt":"2024-02-29T23:04:45","slug":"alsace-cremant-cuvee-madeleine-brut","status":"publish","type":"product","link":"https:\/\/bollenberg.com\/en\/boutique\/alsace-sparkling-wine\/alsace-cremant-cuvee-madeleine-brut\/","title":{"rendered":"Alsace Cr\u00e9mant Cuv\u00e9e Madeleine Brut Bio (750ml)"},"content":{"rendered":"<p>Ce vin effervescent d&#8217;une grande finesse aromatique est id\u00e9al pour les r\u00e9ceptions de mariage, en ap\u00e9ritif, \u00e0 tout moment de la journ\u00e9e. Ces c\u00e9pages sont issus du terroir &#8216;Bollenberg&#8217;, un site d&#8217;exception de part sa biodiversit\u00e9 et sa lande s\u00e8che.<\/p>\n<p><img loading=\"lazy\" decoding=\"async\" style=\"max-width: 50% !important;\" src=\"\/wp-content\/uploads\/indsuc1.png\" alt=\"Sec au Liquoreux: 2\/10\" width=\"279\" height=\"55\" \/><\/p>\n<p>&nbsp;<\/p>\n","protected":false},"excerpt":{"rendered":"<p>Les bulles sont fines. Son nez est d\u2019une grande fra\u00eecheur avec des ar\u00f4mes de fruits blancs (de poires, de pommes). On retrouve en bouche la fra\u00eecheur fruit\u00e9e per\u00e7ue au nez, tout en savourant sa d\u00e9licate effervescence.<\/p>\n<p><img loading=\"lazy\" decoding=\"async\" style=\"max-width: 50% !important;\" src=\"\/wp-content\/uploads\/indsuc1.png\" alt=\"Sec au Liquoreux: 2\/10\" width=\"279\" height=\"55\" \/><\/p>\n","protected":false},"featured_media":13045,"template":"","meta":[],"product_brand":[],"product_cat":[296],"product_tag":[333,330,335],"class_list":{"0":"post-14990","1":"product","2":"type-product","3":"status-publish","4":"has-post-thumbnail","6":"product_cat-alsace-sparkling-wine","7":"product_tag-brut-en","8":"product_tag-organic","9":"product_tag-sparkling","10":"product_shipping_class-bouteille","11":"pa_accords-mets-vins-cold-starter","12":"pa_accords-mets-vins-desserts-en","13":"pa_accords-mets-vins-hot-appetizers","14":"pa_appellation-alsace-en","15":"pa_cepage-pinot-blanc-et-pinot-gris-en","16":"pa_contenance-750-ml-en","17":"pa_degre-dalcool-12-en","18":"pa_domaine-clos-sainte-apolline--domaine-du-bollenberg","19":"pa_garde-from-3-to-5-years","20":"pa_la-robe-mousse-finement-constante-couleur-jaune-or-pale-avec-des-reflets-lumineux-en","21":"pa_le-nez-classique-qui-developpe-fraicheur-et-aromes-de-cereales-sur-des-senteurs-minerales-en","22":"pa_millesime-no-vintage","23":"pa_mise-en-bouteilles-9-months-after-the-harvest-and-12-months-on-slats","24":"pa_type-de-vin-dry","26":"first","27":"instock","28":"taxable","29":"shipping-taxable","30":"purchasable","31":"product-type-simple"},"booking_location":null,"booking_location_type":null,"booking_duration":null,"booking_duration_unit":null,"booking_buffer":null,"booking_cost":null,"booking_resources":null,"group_of_quantity":0,"min_quantity":0,"max_quantity":"","exclude_order_quantity_value_rules":"no","exclude_category_quantity_rules":"no","combine_variations":"no","exclude_global_add_ons":[],"addons":[],"_links":{"self":[{"href":"https:\/\/bollenberg.com\/en\/wp-json\/wp\/v2\/product\/14990","targetHints":{"allow":["GET"]}}],"collection":[{"href":"https:\/\/bollenberg.com\/en\/wp-json\/wp\/v2\/product"}],"about":[{"href":"https:\/\/bollenberg.com\/en\/wp-json\/wp\/v2\/types\/product"}],"wp:featuredmedia":[{"embeddable":true,"href":"https:\/\/bollenberg.com\/en\/wp-json\/wp\/v2\/media\/13045"}],"wp:attachment":[{"href":"https:\/\/bollenberg.com\/en\/wp-json\/wp\/v2\/media?parent=14990"}],"wp:term":[{"taxonomy":"product_brand","embeddable":true,"href":"https:\/\/bollenberg.com\/en\/wp-json\/wp\/v2\/product_brand?post=14990"},{"taxonomy":"product_cat","embeddable":true,"href":"https:\/\/bollenberg.com\/en\/wp-json\/wp\/v2\/product_cat?post=14990"},{"taxonomy":"product_tag","embeddable":true,"href":"https:\/\/bollenberg.com\/en\/wp-json\/wp\/v2\/product_tag?post=14990"}],"curies":[{"name":"wp","href":"https:\/\/api.w.org\/{rel}","templated":true}]}}