{"id":14989,"date":"2017-01-31T15:47:19","date_gmt":"2017-01-31T15:47:19","guid":{"rendered":"https:\/\/bollenberg.com\/boutique\/uncategorized\/alsace-cremant-rose-brut-bio-750ml\/"},"modified":"2023-01-15T00:00:03","modified_gmt":"2023-01-14T23:00:03","slug":"alsace-cremant-rose-brut-bio-750ml","status":"publish","type":"product","link":"https:\/\/bollenberg.com\/en\/boutique\/alsace-sparkling-wine\/alsace-cremant-rose-brut-bio-750ml\/","title":{"rendered":"Alsace Cr\u00e9mant Ros\u00e9 Brut Bio (750ml)"},"content":{"rendered":"<p>Ce vin effervescent avec une mousse finement constante et un p\u00e9tillant r\u00e9gulier, couleur rouge rubis avec des reflets scintillants est id\u00e9al \u00e0 servir en ap\u00e9ritif.<\/p>\n<p><img loading=\"lazy\" decoding=\"async\" style=\"max-width: 50% !important;\" src=\"\/wp-content\/uploads\/indsuc1.png\" alt=\"Sec au Liquoreux: 2\/10\" width=\"279\" height=\"55\" \/><\/p>\n","protected":false},"excerpt":{"rendered":"<p>Sa robe est ros\u00e9e avec des reflets saumon\u00e9s. Le nez s\u2019ouvre sur des ar\u00f4mes de fruits rouges frais comme la cerise et la framboise. En bouche l\u2019\u00e9quilibre est parfait gr\u00e2ce \u00e0 la finesse de ses bulles.<\/p>\n<p><img loading=\"lazy\" decoding=\"async\" style=\"max-width: 50% !important;\" src=\"\/wp-content\/uploads\/indsuc1.png\" alt=\"Sec au Liquoreux: 2\/10\" width=\"279\" height=\"55\" \/><\/p>\n","protected":false},"featured_media":13049,"template":"","meta":[],"product_brand":[],"product_cat":[296],"product_tag":[333,330,335],"class_list":{"0":"post-14989","1":"product","2":"type-product","3":"status-publish","4":"has-post-thumbnail","6":"product_cat-alsace-sparkling-wine","7":"product_tag-brut-en","8":"product_tag-organic","9":"product_tag-sparkling","10":"product_shipping_class-bouteille","11":"pa_accords-mets-vins-starter","12":"pa_appellation-alsace-en","13":"pa_cepage-pinot-noir-en","14":"pa_contenance-750-ml-en","15":"pa_degre-dalcool-12-en","16":"pa_domaine-clos-sainte-apolline--domaine-du-bollenberg","17":"pa_garde-from-3-to-5-years","18":"pa_la-robe-couleur-rubis-aux-reflets-scintillants-en","19":"pa_le-nez-classique-qui-developpe-fraicheur-et-aromes-de-fruits-rouges-en","20":"pa_millesime-no-vintage","21":"pa_mise-en-bouteilles-9-months-after-the-harvest-and-12-months-on-slats","22":"pa_type-de-vin-dry","24":"first","25":"instock","26":"taxable","27":"shipping-taxable","28":"purchasable","29":"product-type-simple"},"booking_location":null,"booking_location_type":null,"booking_duration":null,"booking_duration_unit":null,"booking_buffer":null,"booking_cost":null,"booking_resources":null,"group_of_quantity":0,"min_quantity":0,"max_quantity":"","exclude_order_quantity_value_rules":"no","exclude_category_quantity_rules":"no","combine_variations":"no","exclude_global_add_ons":[],"addons":[],"_links":{"self":[{"href":"https:\/\/bollenberg.com\/en\/wp-json\/wp\/v2\/product\/14989","targetHints":{"allow":["GET"]}}],"collection":[{"href":"https:\/\/bollenberg.com\/en\/wp-json\/wp\/v2\/product"}],"about":[{"href":"https:\/\/bollenberg.com\/en\/wp-json\/wp\/v2\/types\/product"}],"wp:featuredmedia":[{"embeddable":true,"href":"https:\/\/bollenberg.com\/en\/wp-json\/wp\/v2\/media\/13049"}],"wp:attachment":[{"href":"https:\/\/bollenberg.com\/en\/wp-json\/wp\/v2\/media?parent=14989"}],"wp:term":[{"taxonomy":"product_brand","embeddable":true,"href":"https:\/\/bollenberg.com\/en\/wp-json\/wp\/v2\/product_brand?post=14989"},{"taxonomy":"product_cat","embeddable":true,"href":"https:\/\/bollenberg.com\/en\/wp-json\/wp\/v2\/product_cat?post=14989"},{"taxonomy":"product_tag","embeddable":true,"href":"https:\/\/bollenberg.com\/en\/wp-json\/wp\/v2\/product_tag?post=14989"}],"curies":[{"name":"wp","href":"https:\/\/api.w.org\/{rel}","templated":true}]}}